{"id":24578,"date":"2022-04-01T08:21:02","date_gmt":"2022-04-01T08:21:02","guid":{"rendered":"https:\/\/lagerberg.mijntestbak.nl\/entreprise\/demenagements-dhopitaux-ou-dehpad\/"},"modified":"2022-04-04T12:29:13","modified_gmt":"2022-04-04T12:29:13","slug":"demenagements-dhopitaux-ou-dehpad","status":"publish","type":"page","link":"https:\/\/lagerberg.nl\/fr\/entreprise\/demenagements-dhopitaux-ou-dehpad\/","title":{"rendered":"D\u00e9m\u00e9nagements d\u2019hopitaux ou d&rsquo;Ehpad"},"content":{"rendered":"<section class=\"l-section wpb_row height_large\"><div class=\"l-section-h i-cf\"><div class=\"g-cols vc_row via_flex valign_top type_default stacking_default\"><div class=\"vc_col-sm-6 wpb_column vc_column_container\"><div class=\"vc_column-inner\"><div class=\"wpb_wrapper\"><div class=\"wpb_text_column\"><div class=\"wpb_wrapper\"><h2>Des d\u00e9m\u00e9nagements effectu\u00e9s avec le plus grand soin<\/h2>\n<p>Lagerberg Verhuisgroep effectue divers d\u00e9m\u00e9nagements dans le milieu de la sant\u00e9 et de l&rsquo;aide aux personnes \u00e2g\u00e9es. Qu&rsquo;il s&rsquo;agisse d&rsquo;un h\u00f4pital entier, d&rsquo;un d\u00e9m\u00e9nagement de services au sein d&rsquo;un Ehpad ou d&rsquo;un d\u00e9m\u00e9nagement dans un domicile adapt\u00e9, nous accompagnons l&rsquo;ensemble du processus.<\/p>\n<p>Chez Lagerberg Verhuisgroep, nous sommes tr\u00e8s conscients qu&rsquo;en plus du d\u00e9m\u00e9nagement de vos biens, d&rsquo;appareils et d&rsquo;autres objets, il peut \u00e9galement y avoir un aspect \u00e9motionnel dans un d\u00e9m\u00e9nagement en Ehpad. Une bonne planification, une attention particuli\u00e8re pour ceux qui vous entourent ainsi que le d\u00e9ploiement d&#8217;employ\u00e9s exp\u00e9riment\u00e9s contribuent \u00e0 un d\u00e9m\u00e9nagement sans soucis.<\/p>\n<p>Lagerberg Verhuisgroep vous rend visite pour faire l&rsquo;inventaire de vos souhaits et de vos attentes. De plus, si besoin est, nous r\u00e9fl\u00e9chissons avec vous au planning. Par la suite un devis vous sera rapidement envoy\u00e9 dans lequel tous les aspects additionnels sont pris en compte. Pensez, par exemple, \u00e0 l\u2019utilisation d\u2019un monte-charge ou au stockage temporaire de vos biens.<\/p>\n<ul>\n<li><a href=\"#verpleeghuizen\">Ehpad<\/a><\/li>\n<li><a href=\"#ziekenhuizen\">H\u00f4pitaux<\/a><\/li>\n<li><a href=\"#seniorenverhuizingen\">D\u00e9m\u00e9nagements de seniors<\/a><\/li>\n<\/ul>\n<\/div><\/div><\/div><\/div><\/div><div class=\"vc_col-sm-6 wpb_column vc_column_container\"><div class=\"vc_column-inner\"><div class=\"wpb_wrapper\"><div class=\"w-image align_none\"><div class=\"w-image-h\"><img decoding=\"async\" width=\"1024\" height=\"768\" src=\"https:\/\/lagerberg.nl\/wp-content\/uploads\/2022\/01\/Zorgverhuizingen-zakelijk-lagerberg-verhuisgroep.jpg\" class=\"attachment-large size-large\" alt=\"Maisons de retraite\" loading=\"lazy\" srcset=\"https:\/\/lagerberg.nl\/wp-content\/uploads\/2022\/01\/Zorgverhuizingen-zakelijk-lagerberg-verhuisgroep.jpg 1024w, https:\/\/lagerberg.nl\/wp-content\/uploads\/2022\/01\/Zorgverhuizingen-zakelijk-lagerberg-verhuisgroep-300x225.jpg 300w\" sizes=\"auto, (max-width: 1024px) 100vw, 1024px\" \/><\/div><\/div><\/div><\/div><\/div><\/div><\/div><\/section><section class=\"l-section wpb_row height_small\"><div class=\"l-section-overlay\" style=\"background:#f0f8ff\"><\/div><div class=\"l-section-h i-cf\"><div class=\"g-cols vc_row via_flex valign_middle type_default stacking_default\"><div class=\"vc_col-sm-8 wpb_column vc_column_container\"><div class=\"vc_column-inner\"><div class=\"wpb_wrapper\"><h3 class=\"w-text\"><span class=\"w-text-h\"><span class=\"w-text-value\">Besoin d&rsquo;aide pour planifier votre d\u00e9m\u00e9nagement?<\/span><\/span><\/h3><\/div><\/div><\/div><div class=\"vc_col-sm-4 wpb_column vc_column_container\"><div class=\"vc_column-inner\"><div class=\"wpb_wrapper\"><div class=\"w-btn-wrapper align_none\"><a class=\"w-btn us-btn-style_1\" href=\"https:\/\/lagerberg.nl\/fr\/devis\/\"><span class=\"w-btn-label\">Demandez un devis gratuit sans engagement<\/span><\/a><\/div><div class=\"w-btn-wrapper align_none\"><a class=\"w-btn us-btn-style_3\" title=\"Contact\" href=\"https:\/\/lagerberg.nl\/fr\/contact\/\"><span class=\"w-btn-label\">Prenez contact avec nous<\/span><\/a><\/div><\/div><\/div><\/div><\/div><\/div><\/section><section class=\"l-section wpb_row height_small\" id=\"Ehpad\"><div class=\"l-section-h i-cf\"><div class=\"g-cols vc_row via_flex valign_top type_default stacking_default\"><div class=\"vc_col-sm-12 wpb_column vc_column_container\"><div class=\"vc_column-inner us_custom_14e19a50\"><div class=\"wpb_wrapper\"><div class=\"wpb_text_column\"><div class=\"wpb_wrapper\"><h4>Ehpad<\/h4>\n<p>Dans une maison de retraite ou Ehpad, il peut y avoir diff\u00e9rents type de d\u00e9m\u00e9nagements:<\/p>\n<ol>\n<li>Un d\u00e9m\u00e9nagement de toute la maison de retraite vers un nouveau lieu;<\/li>\n<li>Un d\u00e9m\u00e9nagement d&rsquo;un ou plusieurs d\u00e9partements au sein d&rsquo;une maison de retraite existante.<\/li>\n<\/ol>\n<p>Nous prenons en compte l&rsquo;aspect \u00e9motionnel d&rsquo;un d\u00e9m\u00e9nagement pour les r\u00e9sidents. Les employ\u00e9s de Lagerberg Verhuisgroep y apportent une attention tr\u00e8s particuli\u00e8re. Ils feront en sorte que tout le mat\u00e9riel comme par exemple les l\u00e8ve-patients soient soigneusement d\u00e9plac\u00e9s.<\/p>\n<\/div><\/div><div class=\"w-separator size_small\"><\/div><\/div><\/div><\/div><div class=\"vc_col-sm-4 wpb_column vc_column_container\"><div class=\"vc_column-inner\"><div class=\"wpb_wrapper\"><div class=\"w-btn-wrapper align_none\"><a class=\"w-btn us-btn-style_1\" href=\"https:\/\/lagerberg.nl\/fr\/contact\/\"><span class=\"w-btn-label\">Prenez rendez-vous<\/span><\/a><\/div><\/div><\/div><\/div><div class=\"vc_col-sm-4 wpb_column vc_column_container\"><div class=\"vc_column-inner\"><div class=\"wpb_wrapper\"><div class=\"w-btn-wrapper align_none\"><a class=\"w-btn us-btn-style_3\" href=\"https:\/\/lagerberg.nl\/fr\/devis\/\"><span class=\"w-btn-label\">Formulaire pour le devis<\/span><\/a><\/div><\/div><\/div><\/div><div class=\"vc_col-sm-4 wpb_column vc_column_container\"><div class=\"vc_column-inner\"><div class=\"wpb_wrapper\"><\/div><\/div><\/div><\/div><\/div><\/section><section class=\"l-section wpb_row height_small\" id=\"Ehpad\"><div class=\"l-section-overlay\" style=\"background:#f0f8ff\"><\/div><div class=\"l-section-h i-cf\"><div class=\"g-cols vc_row via_flex valign_top type_default stacking_default\"><div class=\"vc_col-sm-12 wpb_column vc_column_container\"><div class=\"vc_column-inner us_custom_14e19a50\"><div class=\"wpb_wrapper\"><div class=\"wpb_text_column\"><div class=\"wpb_wrapper\"><h4>H\u00f4pitaux<\/h4>\n<p>Dans une maison de retraite ou Ehpad, il peut y avoir diff\u00e9rents type de d\u00e9m\u00e9nagements:<\/p>\n<ol>\n<li>Un d\u00e9m\u00e9nagement de tout l&rsquo;h\u00f4pital vers un nouveau lieu;<\/li>\n<li>Une relocalisation d&rsquo;un ou plusieurs services au sein d&rsquo;un h\u00f4pital existant.<\/li>\n<\/ol>\n<p>Un d\u00e9m\u00e9nagement vers un nouveau lieu n\u00e9cessite une approche diff\u00e9rente de celle du d\u00e9m\u00e9nagement d&rsquo;un service avec des patients \u00e0 un autre \u00e9tage de l&rsquo;h\u00f4pital. Lagerberg Verhuisgroep examinera avec vous les possibilit\u00e9s et r\u00e9fl\u00e9chira avec vous \u00e0 la mani\u00e8re la moins contraignante et la plus efficace de d\u00e9m\u00e9nager pour toutes les personnes concern\u00e9es.<\/p>\n<\/div><\/div><div class=\"w-separator size_small\"><\/div><\/div><\/div><\/div><div class=\"vc_col-sm-4 wpb_column vc_column_container\"><div class=\"vc_column-inner\"><div class=\"wpb_wrapper\"><div class=\"w-btn-wrapper align_none\"><a class=\"w-btn us-btn-style_1\" href=\"https:\/\/lagerberg.nl\/fr\/contact\/\"><span class=\"w-btn-label\">Prenez rendez-vous<\/span><\/a><\/div><\/div><\/div><\/div><div class=\"vc_col-sm-4 wpb_column vc_column_container\"><div class=\"vc_column-inner\"><div class=\"wpb_wrapper\"><div class=\"w-btn-wrapper align_none\"><a class=\"w-btn us-btn-style_3\" href=\"https:\/\/lagerberg.nl\/fr\/devis\/\"><span class=\"w-btn-label\">Formulaire pour le devis<\/span><\/a><\/div><\/div><\/div><\/div><div class=\"vc_col-sm-4 wpb_column vc_column_container\"><div class=\"vc_column-inner\"><div class=\"wpb_wrapper\"><\/div><\/div><\/div><\/div><\/div><\/section><section class=\"l-section wpb_row height_small\" id=\"h\u00f4pitaux\"><div class=\"l-section-h i-cf\"><div class=\"g-cols vc_row via_flex valign_top type_default stacking_default\"><div class=\"vc_col-sm-12 wpb_column vc_column_container\"><div class=\"vc_column-inner us_custom_14e19a50\"><div class=\"wpb_wrapper\"><div class=\"wpb_text_column\"><div class=\"wpb_wrapper\"><h4>D\u00e9m\u00e9nagements de seniors<\/h4>\n<p>Un d\u00e9m\u00e9nagement senior peut \u00eatre pour vous une \u00e9tape importante qui s&rsquo;accompagne de nombreuses \u00e9motions. Vous d\u00e9m\u00e9nagez dans un EHPAD ou une maison adapt\u00e9e. Lagerberg Verhuisgroep comprend que cela peut \u00eatre une \u00e9tape radicale et vous soutient dans cette d\u00e9marche en vous lib\u00e9rant des soucis li\u00e9s au d\u00e9m\u00e9nagement.<\/p>\n<\/div><\/div><div class=\"w-separator size_small\"><\/div><\/div><\/div><\/div><div class=\"vc_col-sm-4 wpb_column vc_column_container\"><div class=\"vc_column-inner\"><div class=\"wpb_wrapper\"><div class=\"w-btn-wrapper align_none\"><a class=\"w-btn us-btn-style_1\" href=\"https:\/\/lagerberg.nl\/fr\/contact\/\"><span class=\"w-btn-label\">Prenez rendez-vous<\/span><\/a><\/div><\/div><\/div><\/div><div class=\"vc_col-sm-4 wpb_column vc_column_container\"><div class=\"vc_column-inner\"><div class=\"wpb_wrapper\"><div class=\"w-btn-wrapper align_none\"><a class=\"w-btn us-btn-style_3\" href=\"https:\/\/lagerberg.nl\/fr\/devis\/\"><span class=\"w-btn-label\">Formulaire pour le devis<\/span><\/a><\/div><\/div><\/div><\/div><div class=\"vc_col-sm-4 wpb_column vc_column_container\"><div class=\"vc_column-inner\"><div class=\"wpb_wrapper\"><\/div><\/div><\/div><\/div><\/div><\/section>\n","protected":false},"excerpt":{"rendered":"Des d\u00e9m\u00e9nagements effectu\u00e9s avec le plus grand soin Lagerberg Verhuisgroep effectue divers d\u00e9m\u00e9nagements dans le milieu de la sant\u00e9 et de l&rsquo;aide aux personnes \u00e2g\u00e9es. Qu&rsquo;il s&rsquo;agisse d&rsquo;un h\u00f4pital entier, d&rsquo;un d\u00e9m\u00e9nagement de services au sein d&rsquo;un Ehpad ou d&rsquo;un d\u00e9m\u00e9nagement dans un domicile adapt\u00e9, nous accompagnons l&rsquo;ensemble du processus. Chez Lagerberg Verhuisgroep, nous sommes...","protected":false},"author":2,"featured_media":0,"parent":24524,"menu_order":0,"comment_status":"closed","ping_status":"closed","template":"","meta":{"footnotes":""},"class_list":["post-24578","page","type-page","status-publish","hentry"],"_links":{"self":[{"href":"https:\/\/lagerberg.nl\/fr\/wp-json\/wp\/v2\/pages\/24578","targetHints":{"allow":["GET"]}}],"collection":[{"href":"https:\/\/lagerberg.nl\/fr\/wp-json\/wp\/v2\/pages"}],"about":[{"href":"https:\/\/lagerberg.nl\/fr\/wp-json\/wp\/v2\/types\/page"}],"author":[{"embeddable":true,"href":"https:\/\/lagerberg.nl\/fr\/wp-json\/wp\/v2\/users\/2"}],"replies":[{"embeddable":true,"href":"https:\/\/lagerberg.nl\/fr\/wp-json\/wp\/v2\/comments?post=24578"}],"version-history":[{"count":10,"href":"https:\/\/lagerberg.nl\/fr\/wp-json\/wp\/v2\/pages\/24578\/revisions"}],"predecessor-version":[{"id":24631,"href":"https:\/\/lagerberg.nl\/fr\/wp-json\/wp\/v2\/pages\/24578\/revisions\/24631"}],"up":[{"embeddable":true,"href":"https:\/\/lagerberg.nl\/fr\/wp-json\/wp\/v2\/pages\/24524"}],"wp:attachment":[{"href":"https:\/\/lagerberg.nl\/fr\/wp-json\/wp\/v2\/media?parent=24578"}],"curies":[{"name":"wp","href":"https:\/\/api.w.org\/{rel}","templated":true}]}}