{"id":24531,"date":"2022-03-31T15:07:01","date_gmt":"2022-03-31T15:07:01","guid":{"rendered":"https:\/\/lagerberg.mijntestbak.nl\/entreprise\/demenagement-entreprise\/"},"modified":"2022-03-31T15:07:04","modified_gmt":"2022-03-31T15:07:04","slug":"demenagement-entreprise","status":"publish","type":"page","link":"https:\/\/lagerberg.nl\/fr\/entreprise\/demenagement-entreprise\/","title":{"rendered":"D\u00e9m\u00e9nagement entreprise"},"content":{"rendered":"<section class=\"l-section wpb_row height_large\"><div class=\"l-section-h i-cf\"><div class=\"g-cols vc_row via_flex valign_top type_default stacking_default\"><div class=\"vc_col-sm-6 wpb_column vc_column_container\"><div class=\"vc_column-inner\"><div class=\"wpb_wrapper\"><div class=\"wpb_text_column\"><div class=\"wpb_wrapper\"><h2>D\u00e9m\u00e9nagements d&rsquo;entreprise<\/h2>\n<p>Un <strong>d\u00e9m\u00e9nagement interne<\/strong> d&rsquo;un \u00e9tage de l&rsquo;entreprise \u00e0 un autre ou un <strong>d\u00e9m\u00e9nagement externe<\/strong> vers une autre ville ou \u00e0 l&rsquo;international. Lagerberg Verhuisgroep veille \u00e0 ce que les ordinateurs, les meubles, les archives, etc. soient plac\u00e9s dans le nouveau lieu de travail. Vous pouvez reprendre le travail le lendemain.<\/p>\n<ul>\n<li>Relocalisation interne<\/li>\n<li>D\u00e9m\u00e9nagement externe<\/li>\n<li>Transport d&rsquo;archives<\/li>\n<li>Stockage d&rsquo;archives<\/li>\n<li>D\u00e9m\u00e9nagements d\u2019\u00e9tablissements scolaires<\/li>\n<li>Installation de mobilier<\/li>\n<li>Transport de palettes<\/li>\n<\/ul>\n<\/div><\/div><\/div><\/div><\/div><div class=\"vc_col-sm-6 wpb_column vc_column_container\"><div class=\"vc_column-inner\"><div class=\"wpb_wrapper\"><div class=\"w-image align_none\"><div class=\"w-image-h\"><img decoding=\"async\" width=\"1024\" height=\"768\" src=\"https:\/\/lagerberg.nl\/wp-content\/uploads\/2022\/01\/Bedrijfsverhuizing-lagerberg-verhuisgroep-wassenaar.jpg\" class=\"attachment-large size-large\" alt=\"d\u00e9m\u00e9nagement d&#039;entreprise dans le randstad et au-del\u00e0\" loading=\"lazy\" srcset=\"https:\/\/lagerberg.nl\/wp-content\/uploads\/2022\/01\/Bedrijfsverhuizing-lagerberg-verhuisgroep-wassenaar.jpg 1024w, https:\/\/lagerberg.nl\/wp-content\/uploads\/2022\/01\/Bedrijfsverhuizing-lagerberg-verhuisgroep-wassenaar-300x225.jpg 300w\" sizes=\"auto, (max-width: 1024px) 100vw, 1024px\" \/><\/div><\/div><\/div><\/div><\/div><\/div><\/div><\/section><section class=\"l-section wpb_row height_small\"><div class=\"l-section-overlay\" style=\"background:#f0f8ff\"><\/div><div class=\"l-section-h i-cf\"><div class=\"g-cols vc_row via_flex valign_middle type_default stacking_default\"><div class=\"vc_col-sm-8 wpb_column vc_column_container\"><div class=\"vc_column-inner\"><div class=\"wpb_wrapper\"><h3 class=\"w-text\"><span class=\"w-text-h\"><span class=\"w-text-value\">Du sur mesure pour chaque d\u00e9m\u00e9nagement d&rsquo;entreprise<\/span><\/span><\/h3><\/div><\/div><\/div><div class=\"vc_col-sm-4 wpb_column vc_column_container\"><div class=\"vc_column-inner\"><div class=\"wpb_wrapper\"><div class=\"w-btn-wrapper align_none\"><a class=\"w-btn us-btn-style_3\" href=\"https:\/\/lagerberg.nl\/fr\/devis\/\"><span class=\"w-btn-label\">Demande de devis<\/span><\/a><\/div><\/div><\/div><\/div><\/div><\/div><\/section><section class=\"l-section wpb_row height_small\"><div class=\"l-section-h i-cf\"><div class=\"g-cols vc_row via_flex valign_top type_default stacking_default\"><div class=\"vc_col-sm-4 wpb_column vc_column_container\"><div class=\"vc_column-inner\"><div class=\"wpb_wrapper\"><div class=\"w-btn-wrapper align_none\"><a class=\"w-btn us-btn-style_1\" title=\"D\u00e9m\u00e9nagements d\u2019hopitaux ou d&#039;Ehpad\" href=\"https:\/\/lagerberg.nl\/fr\/particulier\/demenagement-international\/\"><span class=\"w-btn-label\">D\u00e9m\u00e9nagements internationaux<\/span><\/a><\/div><div class=\"w-separator size_small\"><\/div><div class=\"w-image align_none\"><div class=\"w-image-h\"><img decoding=\"async\" width=\"960\" height=\"720\" src=\"https:\/\/lagerberg.nl\/wp-content\/uploads\/2022\/01\/Zakelijke-internationale-verhuizing-lagerberg-verhuisgroep.jpg\" class=\"attachment-large size-large\" alt=\"D\u00e9m\u00e9nagment d&#039;entreprise international\" loading=\"lazy\" srcset=\"https:\/\/lagerberg.nl\/wp-content\/uploads\/2022\/01\/Zakelijke-internationale-verhuizing-lagerberg-verhuisgroep.jpg 960w, https:\/\/lagerberg.nl\/wp-content\/uploads\/2022\/01\/Zakelijke-internationale-verhuizing-lagerberg-verhuisgroep-300x225.jpg 300w\" sizes=\"auto, (max-width: 960px) 100vw, 960px\" \/><\/div><\/div><\/div><\/div><\/div><div class=\"vc_col-sm-4 wpb_column vc_column_container\"><div class=\"vc_column-inner\"><div class=\"wpb_wrapper\"><div class=\"w-btn-wrapper align_none\"><a class=\"w-btn us-btn-style_1\" title=\"D\u00e9m\u00e9nagements d\u2019hopitaux ou d&#039;Ehpad\" href=\"https:\/\/lagerberg.nl\/zakelijk\/zorgverhuizingen\/\"><span class=\"w-btn-label\">D\u00e9m\u00e9nagements d\u2019hopitaux ou d&rsquo;Ehpad<\/span><\/a><\/div><div class=\"w-separator size_small\"><\/div><div class=\"w-image align_none\"><a title=\"D\u00e9m\u00e9nagements d\u2019hopitaux ou d&#039;Ehpad\" href=\"https:\/\/lagerberg.nl\/zakelijk\/zorgverhuizingen\/\" aria-label=\"Ehpad-entreprise-lagerberg-verhuisgroep\" class=\"w-image-h\"><img decoding=\"async\" width=\"1024\" height=\"768\" src=\"https:\/\/lagerberg.nl\/wp-content\/uploads\/2022\/01\/Zorgverhuizingen-zakelijk-lagerberg-verhuisgroep.jpg\" class=\"attachment-large size-large\" alt=\"Maisons de retraite\" loading=\"lazy\" srcset=\"https:\/\/lagerberg.nl\/wp-content\/uploads\/2022\/01\/Zorgverhuizingen-zakelijk-lagerberg-verhuisgroep.jpg 1024w, https:\/\/lagerberg.nl\/wp-content\/uploads\/2022\/01\/Zorgverhuizingen-zakelijk-lagerberg-verhuisgroep-300x225.jpg 300w\" sizes=\"auto, (max-width: 1024px) 100vw, 1024px\" \/><\/a><\/div><\/div><\/div><\/div><div class=\"vc_col-sm-4 wpb_column vc_column_container\"><div class=\"vc_column-inner\"><div class=\"wpb_wrapper\"><\/div><\/div><\/div><\/div><\/div><\/section>\n","protected":false},"excerpt":{"rendered":"D\u00e9m\u00e9nagements d&rsquo;entreprise Un d\u00e9m\u00e9nagement interne d&rsquo;un \u00e9tage de l&rsquo;entreprise \u00e0 un autre ou un d\u00e9m\u00e9nagement externe vers une autre ville ou \u00e0 l&rsquo;international. Lagerberg Verhuisgroep veille \u00e0 ce que les ordinateurs, les meubles, les archives, etc. soient plac\u00e9s dans le nouveau lieu de travail. Vous pouvez reprendre le travail le lendemain. Relocalisation interne D\u00e9m\u00e9nagement externe...","protected":false},"author":2,"featured_media":0,"parent":24524,"menu_order":0,"comment_status":"closed","ping_status":"closed","template":"","meta":{"footnotes":""},"class_list":["post-24531","page","type-page","status-publish","hentry"],"_links":{"self":[{"href":"https:\/\/lagerberg.nl\/fr\/wp-json\/wp\/v2\/pages\/24531","targetHints":{"allow":["GET"]}}],"collection":[{"href":"https:\/\/lagerberg.nl\/fr\/wp-json\/wp\/v2\/pages"}],"about":[{"href":"https:\/\/lagerberg.nl\/fr\/wp-json\/wp\/v2\/types\/page"}],"author":[{"embeddable":true,"href":"https:\/\/lagerberg.nl\/fr\/wp-json\/wp\/v2\/users\/2"}],"replies":[{"embeddable":true,"href":"https:\/\/lagerberg.nl\/fr\/wp-json\/wp\/v2\/comments?post=24531"}],"version-history":[{"count":7,"href":"https:\/\/lagerberg.nl\/fr\/wp-json\/wp\/v2\/pages\/24531\/revisions"}],"predecessor-version":[{"id":24538,"href":"https:\/\/lagerberg.nl\/fr\/wp-json\/wp\/v2\/pages\/24531\/revisions\/24538"}],"up":[{"embeddable":true,"href":"https:\/\/lagerberg.nl\/fr\/wp-json\/wp\/v2\/pages\/24524"}],"wp:attachment":[{"href":"https:\/\/lagerberg.nl\/fr\/wp-json\/wp\/v2\/media?parent=24531"}],"curies":[{"name":"wp","href":"https:\/\/api.w.org\/{rel}","templated":true}]}}