{"id":24502,"date":"2022-03-31T13:01:48","date_gmt":"2022-03-31T13:01:48","guid":{"rendered":"https:\/\/lagerberg.mijntestbak.nl\/garde-meubles\/container-garde-meubles\/"},"modified":"2022-03-31T13:01:51","modified_gmt":"2022-03-31T13:01:51","slug":"container-garde-meubles","status":"publish","type":"page","link":"https:\/\/lagerberg.nl\/fr\/garde-meubles\/container-garde-meubles\/","title":{"rendered":"Container garde-meubles"},"content":{"rendered":"<section class=\"l-section wpb_row height_large\"><div class=\"l-section-h i-cf\"><div class=\"g-cols vc_row via_flex valign_top type_default stacking_default\"><div class=\"vc_col-sm-6 wpb_column vc_column_container\"><div class=\"vc_column-inner\"><div class=\"wpb_wrapper\"><div class=\"w-image us_custom_845bcc29 align_none\"><div class=\"w-image-h\"><img decoding=\"async\" width=\"1024\" height=\"768\" src=\"https:\/\/lagerberg.nl\/wp-content\/uploads\/2021\/12\/Opslag-containeropslag-lagerberg-verhuisgroep-wassenaar.jpg\" class=\"attachment-large size-large\" alt=\"Geconditioneerde containeropslag\" loading=\"lazy\" srcset=\"https:\/\/lagerberg.nl\/wp-content\/uploads\/2021\/12\/Opslag-containeropslag-lagerberg-verhuisgroep-wassenaar.jpg 1024w, https:\/\/lagerberg.nl\/wp-content\/uploads\/2021\/12\/Opslag-containeropslag-lagerberg-verhuisgroep-wassenaar-300x225.jpg 300w\" sizes=\"auto, (max-width: 1024px) 100vw, 1024px\" \/><\/div><\/div><div class=\"w-separator size_medium\"><\/div><div class=\"wpb_text_column us_custom_f1b459cb\"><div class=\"wpb_wrapper\"><p>Vous recherchez un garde-meubles temporaire? Chez Lagerberg Verhuisgroep, nous proposons le stockage en containers. Il existe une solution adapt\u00e9e \u00e0 chaque volume.<\/p>\n<p>Les camions de d\u00e9m\u00e9nagement de Lagerberg Verhuisgroep sont \u00e9quip\u00e9s pour le transport de containers. L&rsquo;avantage est que vos biens seront charg\u00e9s et d\u00e9charg\u00e9s directement dans le conteneur devant votre porte. Cela r\u00e9duit la manutention inutile, le chargement est efficace et cela permet de r\u00e9duire les co\u00fbts.<\/p>\n<\/div><\/div><\/div><\/div><\/div><div class=\"vc_col-sm-6 wpb_column vc_column_container\"><div class=\"vc_column-inner\"><div class=\"wpb_wrapper\"><div class=\"w-image align_none\"><div class=\"w-image-h\"><img decoding=\"async\" width=\"1024\" height=\"768\" src=\"https:\/\/lagerberg.nl\/wp-content\/uploads\/2021\/12\/Opslag-houten-opslagcontainers-lagerberg-verhuisgroep-wassenaar.jpg\" class=\"attachment-large size-large\" alt=\"opslag in houten opslagcontainers\" loading=\"lazy\" srcset=\"https:\/\/lagerberg.nl\/wp-content\/uploads\/2021\/12\/Opslag-houten-opslagcontainers-lagerberg-verhuisgroep-wassenaar.jpg 1024w, https:\/\/lagerberg.nl\/wp-content\/uploads\/2021\/12\/Opslag-houten-opslagcontainers-lagerberg-verhuisgroep-wassenaar-300x225.jpg 300w\" sizes=\"auto, (max-width: 1024px) 100vw, 1024px\" \/><\/div><\/div><div class=\"w-separator size_medium\"><\/div><div class=\"wpb_text_column\"><div class=\"wpb_wrapper\"><p>Comme indiqu\u00e9, le stockage en container est l&rsquo;une des options. Vous avez besoin d&rsquo;une plus petite capacit\u00e9 de stockage? Dans ce cas, il peut \u00eatre plus \u00e9conomique de stocker vos affaires dans des conteneurs de stockage traditionnels en bois.<\/p>\n<\/div><\/div><\/div><\/div><\/div><\/div><\/div><\/section><section class=\"l-section wpb_row height_small\"><div class=\"l-section-overlay\" style=\"background:#f0f8ff\"><\/div><div class=\"l-section-h i-cf\"><div class=\"g-cols vc_row via_flex valign_middle type_default stacking_default\"><div class=\"vc_col-sm-6 wpb_column vc_column_container\"><div class=\"vc_column-inner\"><div class=\"wpb_wrapper\"><h3 class=\"w-text\"><span class=\"w-text-h\"><span class=\"w-text-value\">Un container garde-meubles, une id\u00e9e s\u00fbre<\/span><\/span><\/h3><\/div><\/div><\/div><div class=\"vc_col-sm-3 wpb_column vc_column_container\"><div class=\"vc_column-inner\"><div class=\"wpb_wrapper\"><div class=\"w-btn-wrapper align_none\"><a class=\"w-btn us-btn-style_3\" title=\"Devis\" href=\"https:\/\/lagerberg.nl\/fr\/devis\/\"><span class=\"w-btn-label\">Demande de devis<\/span><\/a><\/div><\/div><\/div><\/div><div class=\"vc_col-sm-3 wpb_column vc_column_container\"><div class=\"vc_column-inner\"><div class=\"wpb_wrapper\"><div class=\"w-btn-wrapper align_none\"><a class=\"w-btn us-btn-style_3\" title=\"Contact\" href=\"https:\/\/lagerberg.nl\/fr\/contact\/\"><span class=\"w-btn-label\">Contact<\/span><\/a><\/div><\/div><\/div><\/div><\/div><\/div><\/section>\n","protected":false},"excerpt":{"rendered":"Vous recherchez un garde-meubles temporaire? Chez Lagerberg Verhuisgroep, nous proposons le stockage en containers. Il existe une solution adapt\u00e9e \u00e0 chaque volume. Les camions de d\u00e9m\u00e9nagement de Lagerberg Verhuisgroep sont \u00e9quip\u00e9s pour le transport de containers. L&rsquo;avantage est que vos biens seront charg\u00e9s et d\u00e9charg\u00e9s directement dans le conteneur devant votre porte. Cela r\u00e9duit la...","protected":false},"author":2,"featured_media":0,"parent":24499,"menu_order":0,"comment_status":"closed","ping_status":"closed","template":"","meta":{"footnotes":""},"class_list":["post-24502","page","type-page","status-publish","hentry"],"_links":{"self":[{"href":"https:\/\/lagerberg.nl\/fr\/wp-json\/wp\/v2\/pages\/24502","targetHints":{"allow":["GET"]}}],"collection":[{"href":"https:\/\/lagerberg.nl\/fr\/wp-json\/wp\/v2\/pages"}],"about":[{"href":"https:\/\/lagerberg.nl\/fr\/wp-json\/wp\/v2\/types\/page"}],"author":[{"embeddable":true,"href":"https:\/\/lagerberg.nl\/fr\/wp-json\/wp\/v2\/users\/2"}],"replies":[{"embeddable":true,"href":"https:\/\/lagerberg.nl\/fr\/wp-json\/wp\/v2\/comments?post=24502"}],"version-history":[{"count":5,"href":"https:\/\/lagerberg.nl\/fr\/wp-json\/wp\/v2\/pages\/24502\/revisions"}],"predecessor-version":[{"id":24507,"href":"https:\/\/lagerberg.nl\/fr\/wp-json\/wp\/v2\/pages\/24502\/revisions\/24507"}],"up":[{"embeddable":true,"href":"https:\/\/lagerberg.nl\/fr\/wp-json\/wp\/v2\/pages\/24499"}],"wp:attachment":[{"href":"https:\/\/lagerberg.nl\/fr\/wp-json\/wp\/v2\/media?parent=24502"}],"curies":[{"name":"wp","href":"https:\/\/api.w.org\/{rel}","templated":true}]}}