{"id":24499,"date":"2022-03-31T12:46:23","date_gmt":"2022-03-31T12:46:23","guid":{"rendered":"https:\/\/lagerberg.mijntestbak.nl\/garde-meubles\/"},"modified":"2022-04-04T13:08:03","modified_gmt":"2022-04-04T13:08:03","slug":"garde-meubles","status":"publish","type":"page","link":"https:\/\/lagerberg.nl\/fr\/garde-meubles\/","title":{"rendered":"Garde-meubles"},"content":{"rendered":"<section class=\"l-section wpb_row height_large\"><div class=\"l-section-h i-cf\"><div class=\"g-cols vc_row via_flex valign_middle type_default stacking_default\"><div class=\"vc_col-sm-6 wpb_column vc_column_container\"><div class=\"vc_column-inner\"><div class=\"wpb_wrapper\"><div class=\"wpb_text_column\"><div class=\"wpb_wrapper\"><h2>Garde-meubles \u00e0 temp\u00e9rature contr\u00f4l\u00e9e<\/h2>\n<p>Vous recherchez un espace de stockage temporaire? Vous pouvez \u00e9galement contacter Lagerberg Verhuisgroep pour un stockage (\u00e0 temp\u00e9rature contr\u00f4l\u00e9e) \u00e0 court ou \u00e0 long terme. Id\u00e9al en combinaison avec un d\u00e9m\u00e9nagement, mais aussi pour vos biens mobiliers, vos archives ou fournitures ainsi que le stockage temporaire lors d&rsquo;une r\u00e9novation int\u00e9rieure ou si vous partez \u00e0 l\u2019\u00e9tranger.<\/p>\n<ul>\n<li>Dans des hangars bien s\u00e9curis\u00e9s et des containers ferm\u00e9s<\/li>\n<li>Humidit\u00e9 r\u00e9gul\u00e9e et temp\u00e9rature constante<\/li>\n<li>Au sec et \u00e0 l\u2019abri du vent<\/li>\n<li>Protection antiparasitaire<\/li>\n<li>Sur rendez-vous, vous pouvez disposer rapidement de vos biens.<\/li>\n<li>Id\u00e9al \u00e9galement pour le stockage temporaire lors d&rsquo;une r\u00e9novation<\/li>\n<\/ul>\n<p>Lagerberg Verhuisgroep dispose de plusieurs entrep\u00f4ts \u00e0 Wassenaar, La Haye, Leiden et Sassenheim. Il y a donc toujours un garde-meubles pr\u00e8s de chez vous o\u00f9 vous pouvez vous rendre rapidement. Vous pourrez ensuite disposer rapidement de vos effets sur rendez-vous.<\/p>\n<\/div><\/div><\/div><\/div><\/div><div class=\"vc_col-sm-6 wpb_column vc_column_container\"><div class=\"vc_column-inner\"><div class=\"wpb_wrapper\"><div class=\"w-image align_none\"><div class=\"w-image-h\"><img decoding=\"async\" width=\"1024\" height=\"768\" src=\"https:\/\/lagerberg.nl\/wp-content\/uploads\/2021\/12\/Opslag-mogelijkheden-lagerberg-verhuisgroep-wassenaar.jpg\" class=\"attachment-full size-full\" alt=\"opslag in regio Leiden, Den Haag, Duin- en bollenstreek en daarbuiten\" loading=\"lazy\" srcset=\"https:\/\/lagerberg.nl\/wp-content\/uploads\/2021\/12\/Opslag-mogelijkheden-lagerberg-verhuisgroep-wassenaar.jpg 1024w, https:\/\/lagerberg.nl\/wp-content\/uploads\/2021\/12\/Opslag-mogelijkheden-lagerberg-verhuisgroep-wassenaar-300x225.jpg 300w\" sizes=\"auto, (max-width: 1024px) 100vw, 1024px\" \/><\/div><\/div><\/div><\/div><\/div><\/div><\/div><\/section><section class=\"l-section wpb_row height_small\"><div class=\"l-section-overlay\" style=\"background:#f0f8ff\"><\/div><div class=\"l-section-h i-cf\"><div class=\"g-cols vc_row via_flex valign_top type_default stacking_default\"><div class=\"vc_col-sm-8 wpb_column vc_column_container\"><div class=\"vc_column-inner\"><div class=\"wpb_wrapper\"><h3 class=\"w-text\"><span class=\"w-text-h\"><span class=\"w-text-value\">A la recherche d&rsquo;un garde-meubles s\u00e9curis\u00e9 auquel vous pouvez acc\u00e9der rapidement?<\/span><\/span><\/h3><\/div><\/div><\/div><div class=\"vc_col-sm-4 wpb_column vc_column_container\"><div class=\"vc_column-inner\"><div class=\"wpb_wrapper\"><div class=\"w-btn-wrapper align_none\"><a class=\"w-btn us-btn-style_3\" href=\"https:\/\/lagerberg.nl\/fr\/devis\/\"><span class=\"w-btn-label\">Demande de devis<\/span><\/a><\/div><\/div><\/div><\/div><\/div><\/div><\/section><section class=\"l-section wpb_row height_large\"><div class=\"l-section-h i-cf\"><div class=\"g-cols vc_row via_flex valign_top type_default stacking_default\"><div class=\"vc_col-sm-4 wpb_column vc_column_container\"><div class=\"vc_column-inner\"><div class=\"wpb_wrapper\"><div class=\"w-btn-wrapper align_none\"><a class=\"w-btn us-btn-style_1\" title=\"Container d\u00e9m\u00e9nagement\" href=\"https:\/\/lagerberg.nl\/fr\/garde-meubles\/container-garde-meubles\/\"><span class=\"w-btn-label\">Container d\u00e9m\u00e9nagement<\/span><\/a><\/div><div class=\"w-separator size_small\"><\/div><div class=\"w-image align_none\"><a title=\"Container d\u00e9m\u00e9nagement\" href=\"https:\/\/lagerberg.nl\/fr\/garde-meubles\/container-garde-meubles\/\" aria-label=\"Opslag-containeropslag-lagerberg-verhuisgroep-wassenaar\" class=\"w-image-h\"><img decoding=\"async\" width=\"1024\" height=\"768\" src=\"https:\/\/lagerberg.nl\/wp-content\/uploads\/2021\/12\/Opslag-containeropslag-lagerberg-verhuisgroep-wassenaar.jpg\" class=\"attachment-full size-full\" alt=\"Geconditioneerde containeropslag\" loading=\"lazy\" srcset=\"https:\/\/lagerberg.nl\/wp-content\/uploads\/2021\/12\/Opslag-containeropslag-lagerberg-verhuisgroep-wassenaar.jpg 1024w, https:\/\/lagerberg.nl\/wp-content\/uploads\/2021\/12\/Opslag-containeropslag-lagerberg-verhuisgroep-wassenaar-300x225.jpg 300w\" sizes=\"auto, (max-width: 1024px) 100vw, 1024px\" \/><\/a><\/div><\/div><\/div><\/div><div class=\"vc_col-sm-4 wpb_column vc_column_container\"><div class=\"vc_column-inner\"><div class=\"wpb_wrapper\"><\/div><\/div><\/div><div class=\"vc_col-sm-4 wpb_column vc_column_container\"><div class=\"vc_column-inner\"><div class=\"wpb_wrapper\"><\/div><\/div><\/div><\/div><\/div><\/section>\n","protected":false},"excerpt":{"rendered":"Garde-meubles \u00e0 temp\u00e9rature contr\u00f4l\u00e9e Vous recherchez un espace de stockage temporaire? Vous pouvez \u00e9galement contacter Lagerberg Verhuisgroep pour un stockage (\u00e0 temp\u00e9rature contr\u00f4l\u00e9e) \u00e0 court ou \u00e0 long terme. Id\u00e9al en combinaison avec un d\u00e9m\u00e9nagement, mais aussi pour vos biens mobiliers, vos archives ou fournitures ainsi que le stockage temporaire lors d&rsquo;une r\u00e9novation int\u00e9rieure ou...","protected":false},"author":2,"featured_media":0,"parent":0,"menu_order":0,"comment_status":"closed","ping_status":"closed","template":"","meta":{"footnotes":""},"class_list":["post-24499","page","type-page","status-publish","hentry"],"_links":{"self":[{"href":"https:\/\/lagerberg.nl\/fr\/wp-json\/wp\/v2\/pages\/24499","targetHints":{"allow":["GET"]}}],"collection":[{"href":"https:\/\/lagerberg.nl\/fr\/wp-json\/wp\/v2\/pages"}],"about":[{"href":"https:\/\/lagerberg.nl\/fr\/wp-json\/wp\/v2\/types\/page"}],"author":[{"embeddable":true,"href":"https:\/\/lagerberg.nl\/fr\/wp-json\/wp\/v2\/users\/2"}],"replies":[{"embeddable":true,"href":"https:\/\/lagerberg.nl\/fr\/wp-json\/wp\/v2\/comments?post=24499"}],"version-history":[{"count":16,"href":"https:\/\/lagerberg.nl\/fr\/wp-json\/wp\/v2\/pages\/24499\/revisions"}],"predecessor-version":[{"id":24676,"href":"https:\/\/lagerberg.nl\/fr\/wp-json\/wp\/v2\/pages\/24499\/revisions\/24676"}],"wp:attachment":[{"href":"https:\/\/lagerberg.nl\/fr\/wp-json\/wp\/v2\/media?parent=24499"}],"curies":[{"name":"wp","href":"https:\/\/api.w.org\/{rel}","templated":true}]}}