{"id":24488,"date":"2022-03-30T14:25:51","date_gmt":"2022-03-30T14:25:51","guid":{"rendered":"https:\/\/lagerberg.mijntestbak.nl\/contact\/"},"modified":"2022-03-30T14:25:53","modified_gmt":"2022-03-30T14:25:53","slug":"contact","status":"publish","type":"page","link":"https:\/\/lagerberg.nl\/fr\/contact\/","title":{"rendered":"Contact"},"content":{"rendered":"<section class=\"l-section wpb_row height_medium\"><div class=\"l-section-h i-cf\"><div class=\"g-cols vc_row via_flex valign_top type_default stacking_default\"><div class=\"vc_col-sm-4 wpb_column vc_column_container\"><div class=\"vc_column-inner\"><div class=\"wpb_wrapper\"><div class=\"wpb_text_column\"><div class=\"wpb_wrapper\"><h2>D\u00e9tails du contact<\/h2>\n<\/div><\/div><div class=\"w-separator size_small\"><\/div><div class=\"w-iconbox iconpos_left style_default color_light align_left\"><div class=\"w-iconbox-icon\" style=\"font-size:;\"><i class=\"material-icons\">home<\/i><\/div><div class=\"w-iconbox-meta\"><h5 class=\"w-iconbox-title\">Si\u00e8ge<\/h5><div class=\"w-iconbox-text\"><p>Marineweg 2<br \/>\n2241 TX Wassenaar<\/p>\n<p>Postbus 2022<br \/>\n2240 CA Wassenaar<\/p>\n<\/div><\/div><\/div><div class=\"w-separator size_small\"><\/div><div class=\"w-iconbox iconpos_left style_default color_light align_left no_text\"><a href=\"#\" class=\"w-iconbox-link\" aria-label=\"info@lagerberg.nl\"><div class=\"w-iconbox-icon\" style=\"font-size:;\"><i class=\"material-icons\">mail<\/i><\/div><\/a><div class=\"w-iconbox-meta\"><h6 class=\"w-iconbox-title\"><a href=\"#\" class=\"w-iconbox-link\" aria-label=\"info@lagerberg.nl\">info@lagerberg.nl<\/a><\/h6><\/div><\/div><div class=\"w-separator size_small\"><\/div><div class=\"w-iconbox iconpos_left style_default color_light align_left no_text\"><a href=\"tel:+31705119262\" class=\"w-iconbox-link\" aria-label=\"+31 (0)70 511 92 62\"><div class=\"w-iconbox-icon\" style=\"font-size:;\"><i class=\"material-icons\">phone<\/i><\/div><\/a><div class=\"w-iconbox-meta\"><h6 class=\"w-iconbox-title\"><a href=\"tel:+31705119262\" class=\"w-iconbox-link\" aria-label=\"+31 (0)70 511 92 62\">+31 (0)70 511 92 62<\/a><\/h6><\/div><\/div><\/div><\/div><\/div><div class=\"vc_col-sm-4 wpb_column vc_column_container\"><div class=\"vc_column-inner\"><div class=\"wpb_wrapper\"><div class=\"wpb_text_column\"><div class=\"wpb_wrapper\"><h2>Postes \u00e0 pourvoir<\/h2>\n<\/div><\/div><div class=\"w-separator size_small\"><\/div><div class=\"wpb_text_column\"><div class=\"wpb_wrapper\"><p>Il n&rsquo;y a actuellement aucun poste vacant<\/p>\n<\/div><\/div><div class=\"w-separator size_small\"><\/div><div class=\"w-image align_none\"><div class=\"w-image-h\"><img decoding=\"async\" width=\"1024\" height=\"488\" src=\"https:\/\/lagerberg.nl\/wp-content\/uploads\/2020\/07\/Lagerberg-slide-pand-1024x488.jpg\" class=\"attachment-large size-large\" alt=\"bureaux et flotte de camions Lagerberg\" loading=\"lazy\" srcset=\"https:\/\/lagerberg.nl\/wp-content\/uploads\/2020\/07\/Lagerberg-slide-pand-1024x488.jpg 1024w, https:\/\/lagerberg.nl\/wp-content\/uploads\/2020\/07\/Lagerberg-slide-pand-300x143.jpg 300w, https:\/\/lagerberg.nl\/wp-content\/uploads\/2020\/07\/Lagerberg-slide-pand.jpg 1600w\" sizes=\"auto, (max-width: 1024px) 100vw, 1024px\" \/><\/div><\/div><\/div><\/div><\/div><div class=\"vc_col-sm-4 wpb_column vc_column_container\"><div class=\"vc_column-inner\"><div class=\"wpb_wrapper\"><div class=\"wpb_text_column\"><div class=\"wpb_wrapper\"><h2>Lagerberg en images<\/h2>\n<\/div><\/div><div class=\"w-separator size_small\"><\/div><div class=\"wpb_text_column\"><div class=\"wpb_wrapper\"><p>Regardez notre vid\u00e9o de pr\u00e9sentation<\/p>\n<\/div><\/div><div class=\"w-separator size_small\"><\/div><div class=\"wpb_text_column\"><div class=\"wpb_wrapper\"><div style=\"width: 1200px;\" class=\"wp-video\"><video class=\"wp-video-shortcode\" id=\"video-24488-1\" width=\"1200\" height=\"675\" preload=\"metadata\" controls=\"controls\"><source type=\"video\/mp4\" src=\"\/wp-content\/uploads\/2022\/03\/introductievideo-lagerberg-movers.mp4?_=1\" \/><a href=\"\/wp-content\/uploads\/2022\/03\/introductievideo-lagerberg-movers.mp4\">\/wp-content\/uploads\/2022\/03\/introductievideo-lagerberg-movers.mp4<\/a><\/video><\/div>\n<\/div><\/div><\/div><\/div><\/div><\/div><\/div><\/section><section class=\"l-section wpb_row height_auto width_full\"><div class=\"l-section-overlay\" style=\"background:#f0f8ff\"><\/div><div class=\"l-section-h i-cf\"><div class=\"g-cols vc_row via_flex valign_top type_default stacking_default\"><div class=\"vc_col-sm-12 wpb_column vc_column_container\"><div class=\"vc_column-inner\"><div class=\"wpb_wrapper\"><div class=\"w-tabs style_default switch_click accordion type_togglable has_scrolling\" style=\"--sections-title-size:inherit\"><div class=\"w-tabs-sections titles-align_center icon_chevron cpos_right\"><div class=\"w-tabs-section no_indents has_text_color\" id=\"o62a\" style=\"background:#f0f8ff;color:#044c8e;\"><button class=\"w-tabs-section-header with_icon\" aria-controls=\"content-o62a\" aria-expanded=\"false\"><i class=\"material-icons\">place<\/i><div class=\"w-tabs-section-title\">Lagerberg sur la carte<\/div><div class=\"w-tabs-section-control\"><\/div><\/button><div  class=\"w-tabs-section-content\" id=\"content-o62a\"><div class=\"w-tabs-section-content-h i-cf\"><div class=\"w-map provider_osm\" id=\"us_map_1\"><div class=\"w-map-inner\"><div class=\"w-map-json\" onclick='return {&quot;address&quot;:&quot;Marineweg 2, 2241 TX Wassenaar&quot;,&quot;disableDragging&quot;:1,&quot;disableZoom&quot;:0,&quot;hideControls&quot;:0,&quot;zoom&quot;:14,&quot;markers&quot;:[{&quot;address&quot;:&quot;Marineweg 2, 2241 TX Wassenaar&quot;,&quot;html&quot;:&quot;Hoofdkantoor&quot;,&quot;infowindow&quot;:0}],&quot;style&quot;:&quot;https:\\\/\\\/{s}.tile.openstreetmap.org\\\/{z}\\\/{x}\\\/{y}.png&quot;}'><\/div><\/div><\/div><\/div><\/div><\/div><\/div><\/div><\/div><\/div><\/div><\/div><\/div><\/section>\n","protected":false},"excerpt":{"rendered":"D\u00e9tails du contact homeSi\u00e8geMarineweg 2 2241 TX Wassenaar Postbus 2022 2240 CA Wassenaar mailinfo@lagerberg.nlphone+31 (0)70 511 92 62Postes \u00e0 pourvoir Il n&rsquo;y a actuellement aucun poste vacant Lagerberg en images Regardez notre vid\u00e9o de pr\u00e9sentation \/wp-content\/uploads\/2022\/03\/introductievideo-lagerberg-movers.mp4 placeLagerberg sur la carte","protected":false},"author":7,"featured_media":0,"parent":0,"menu_order":0,"comment_status":"closed","ping_status":"closed","template":"","meta":{"footnotes":""},"class_list":["post-24488","page","type-page","status-publish","hentry"],"_links":{"self":[{"href":"https:\/\/lagerberg.nl\/fr\/wp-json\/wp\/v2\/pages\/24488","targetHints":{"allow":["GET"]}}],"collection":[{"href":"https:\/\/lagerberg.nl\/fr\/wp-json\/wp\/v2\/pages"}],"about":[{"href":"https:\/\/lagerberg.nl\/fr\/wp-json\/wp\/v2\/types\/page"}],"author":[{"embeddable":true,"href":"https:\/\/lagerberg.nl\/fr\/wp-json\/wp\/v2\/users\/7"}],"replies":[{"embeddable":true,"href":"https:\/\/lagerberg.nl\/fr\/wp-json\/wp\/v2\/comments?post=24488"}],"version-history":[{"count":6,"href":"https:\/\/lagerberg.nl\/fr\/wp-json\/wp\/v2\/pages\/24488\/revisions"}],"predecessor-version":[{"id":24494,"href":"https:\/\/lagerberg.nl\/fr\/wp-json\/wp\/v2\/pages\/24488\/revisions\/24494"}],"wp:attachment":[{"href":"https:\/\/lagerberg.nl\/fr\/wp-json\/wp\/v2\/media?parent=24488"}],"curies":[{"name":"wp","href":"https:\/\/api.w.org\/{rel}","templated":true}]}}