{"id":24480,"date":"2022-03-30T13:11:31","date_gmt":"2022-03-30T13:11:31","guid":{"rendered":"https:\/\/lagerberg.mijntestbak.nl\/particulier\/demenagement-en-milieu-hospitalier-et-ehpad\/"},"modified":"2022-04-04T12:30:26","modified_gmt":"2022-04-04T12:30:26","slug":"demenagement-en-milieu-hospitalier-et-ehpad","status":"publish","type":"page","link":"https:\/\/lagerberg.nl\/fr\/particulier\/demenagement-en-milieu-hospitalier-et-ehpad\/","title":{"rendered":"D\u00e9m\u00e9nagement en milieu hospitalier et Ehpad"},"content":{"rendered":"<section class=\"l-section wpb_row height_large\"><div class=\"l-section-h i-cf\"><div class=\"g-cols vc_row via_flex valign_top type_default stacking_default\"><div class=\"vc_col-sm-8 wpb_column vc_column_container\"><div class=\"vc_column-inner\"><div class=\"wpb_wrapper\"><div class=\"wpb_text_column\"><div class=\"wpb_wrapper\"><h2>Votre d\u00e9m\u00e9nagement en milieu hospitalier ou en Ehpad entre de bonnes mains<\/h2>\n<p>Vous \u00eates \u00e0 la recherche d&rsquo;une entreprise de d\u00e9m\u00e9nagement de confiance pour un d\u00e9m\u00e9nagement dans une maison de retraite, une maison de repos ou une r\u00e9sidence pour personnes \u00e2g\u00e9es ? Avec Lagerberg Verhuisgroep vous avez un partenaire exp\u00e9riment\u00e9 et humain qui r\u00e9alisera un d\u00e9m\u00e9nagement en douceur en tenant compte de la particularit\u00e9 de la situation et de la teneur \u00e9motionnelle d&rsquo;un tel d\u00e9m\u00e9nagement. .<\/p>\n<p>Lagerberg Verhuisgroep peut vous accompagner lors de la prise en charge ou le transfert d&rsquo;une personne \u00e2g\u00e9e vers un centre de soins r\u00e9sidentiels ou une maison adapt\u00e9e. Nous le faisons rapidement, personnellement et avec le souci du d\u00e9tail.<\/p>\n<p>Vous pouvez compter sur nous pour :<\/p>\n<ul>\n<li>Livraison de tous les mat\u00e9riaux d&#8217;emballage n\u00e9cessaires, tels que cartons de d\u00e9m\u00e9nagement, cartons garde-robe, papier d&#8217;emballage, housses de matelas, etc.<\/li>\n<li>Emballage de tout ou d\u2019une partie de vos biens<\/li>\n<li>Emballage de tableaux et miroirs<\/li>\n<li>D\u00e9montage et montage de meubles<\/li>\n<li>D\u00e9crocher et\/ou suspendre des lampes<\/li>\n<li>Service Handyman<\/li>\n<li>Service de nettoyage<\/li>\n<li>Transport vers la d\u00e9chetterie<\/li>\n<li>UITHALEN IS DUBBEL<\/li>\n<li>D\u00e9m\u00e9nagement de quelques meubles uniquement<\/li>\n<li>Certificat de garantie incluant une assurance tous risques jusqu&rsquo;\u00e0 un maximum de \u20ac 100.000,-<\/li>\n<\/ul>\n<\/div><\/div><\/div><\/div><\/div><div class=\"vc_col-sm-4 wpb_column vc_column_container\"><div class=\"vc_column-inner\"><div class=\"wpb_wrapper\"><div class=\"w-image align_none\"><div class=\"w-image-h\"><img decoding=\"async\" width=\"1024\" height=\"769\" src=\"https:\/\/lagerberg.nl\/wp-content\/uploads\/2022\/01\/Particuliere-zorgverhuizing-lagerberg-wassenaar.jpg\" class=\"attachment-large size-large\" alt=\"d\u00e9m\u00e9nagement milieu hospitalier et ehpad\" loading=\"lazy\" srcset=\"https:\/\/lagerberg.nl\/wp-content\/uploads\/2022\/01\/Particuliere-zorgverhuizing-lagerberg-wassenaar.jpg 1024w, https:\/\/lagerberg.nl\/wp-content\/uploads\/2022\/01\/Particuliere-zorgverhuizing-lagerberg-wassenaar-300x225.jpg 300w\" sizes=\"auto, (max-width: 1024px) 100vw, 1024px\" \/><\/div><\/div><\/div><\/div><\/div><\/div><\/div><\/section><section class=\"l-section wpb_row height_small width_full\"><div class=\"l-section-overlay\" style=\"background:#f0f8ff\"><\/div><div class=\"l-section-h i-cf\"><div class=\"g-cols vc_row via_flex valign_middle type_default stacking_default\"><div class=\"vc_col-sm-8 wpb_column vc_column_container\"><div class=\"vc_column-inner\"><div class=\"wpb_wrapper\"><h3 class=\"w-text us_custom_46853b09\"><span class=\"w-text-h\"><span class=\"w-text-value\">Besoin d&rsquo;aide pour planifier votre d\u00e9m\u00e9nagement?<\/span><\/span><\/h3><\/div><\/div><\/div><div class=\"vc_col-sm-4 wpb_column vc_column_container\"><div class=\"vc_column-inner\"><div class=\"wpb_wrapper\"><div class=\"w-btn-wrapper align_none\"><a class=\"w-btn us-btn-style_3\" href=\"https:\/\/lagerberg.nl\/fr\/devis\/\"><span class=\"w-btn-label\">Demandez un devis gratuit sans engagement<\/span><\/a><\/div><\/div><\/div><\/div><\/div><\/div><\/section><section class=\"l-section wpb_row height_large\"><div class=\"l-section-h i-cf\"><div class=\"g-cols vc_row via_flex valign_top type_default stacking_default\"><div class=\"vc_col-sm-4 wpb_column vc_column_container\"><div class=\"vc_column-inner\"><div class=\"wpb_wrapper\"><div class=\"w-btn-wrapper align_none\"><a class=\"w-btn us-btn-style_1\" title=\"Particulier\" href=\"https:\/\/lagerberg.nl\/fr\/particulier\/\"><span class=\"w-btn-label\">D\u00e9m\u00e9nagement particulier<\/span><\/a><\/div><div class=\"w-separator size_small\"><\/div><div class=\"w-image align_none\"><div class=\"w-image-h\"><img decoding=\"async\" width=\"1024\" height=\"768\" src=\"https:\/\/lagerberg.nl\/wp-content\/uploads\/2021\/12\/Particuliere-verhuizing-lagerberg-verhuisgroep.jpg\" class=\"attachment-large size-large\" alt=\"d\u00e9m\u00e9nagement de particulier dans la r\u00e9gion de Leiden, Den Haag, Noordwijk, Katwijk et au-del\u00e0\" loading=\"lazy\" srcset=\"https:\/\/lagerberg.nl\/wp-content\/uploads\/2021\/12\/Particuliere-verhuizing-lagerberg-verhuisgroep.jpg 1024w, https:\/\/lagerberg.nl\/wp-content\/uploads\/2021\/12\/Particuliere-verhuizing-lagerberg-verhuisgroep-300x225.jpg 300w\" sizes=\"auto, (max-width: 1024px) 100vw, 1024px\" \/><\/div><\/div><\/div><\/div><\/div><div class=\"vc_col-sm-4 wpb_column vc_column_container\"><div class=\"vc_column-inner\"><div class=\"wpb_wrapper\"><div class=\"w-btn-wrapper align_none\"><a class=\"w-btn us-btn-style_1\" title=\"Particulier\" href=\"https:\/\/lagerberg.nl\/fr\/particulier\/mission-speciale\/\"><span class=\"w-btn-label\">Mission sp\u00e9ciale<\/span><\/a><\/div><div class=\"w-separator size_small\"><\/div><div class=\"w-image align_none\"><div class=\"w-image-h\"><img decoding=\"async\" width=\"800\" height=\"600\" src=\"https:\/\/lagerberg.nl\/wp-content\/uploads\/2022\/01\/Speciale-verhuizing-particuliere-opdracht-lagerberg-verhuigroep.jpg\" class=\"attachment-large size-large\" alt=\"mission sp\u00e9ciale\" loading=\"lazy\" srcset=\"https:\/\/lagerberg.nl\/wp-content\/uploads\/2022\/01\/Speciale-verhuizing-particuliere-opdracht-lagerberg-verhuigroep.jpg 800w, https:\/\/lagerberg.nl\/wp-content\/uploads\/2022\/01\/Speciale-verhuizing-particuliere-opdracht-lagerberg-verhuigroep-300x225.jpg 300w\" sizes=\"auto, (max-width: 800px) 100vw, 800px\" \/><\/div><\/div><\/div><\/div><\/div><div class=\"vc_col-sm-4 wpb_column vc_column_container\"><div class=\"vc_column-inner\"><div class=\"wpb_wrapper\"><div class=\"w-btn-wrapper align_none\"><a class=\"w-btn us-btn-style_1\" title=\"Particulier\" href=\"https:\/\/lagerberg.nl\/fr\/particulier\/demenagement-international\/\"><span class=\"w-btn-label\">D\u00e9m\u00e9nagement international<\/span><\/a><\/div><div class=\"w-separator size_small\"><\/div><div class=\"w-image align_none\"><div class=\"w-image-h\"><img decoding=\"async\" width=\"1024\" height=\"768\" src=\"https:\/\/lagerberg.nl\/wp-content\/uploads\/2022\/01\/Internationale-verhuizing-particulier-lagerberg-verhuisgroep.jpg\" class=\"attachment-large size-large\" alt=\"d\u00e9m\u00e9nagement international particulier\" loading=\"lazy\" srcset=\"https:\/\/lagerberg.nl\/wp-content\/uploads\/2022\/01\/Internationale-verhuizing-particulier-lagerberg-verhuisgroep.jpg 1024w, https:\/\/lagerberg.nl\/wp-content\/uploads\/2022\/01\/Internationale-verhuizing-particulier-lagerberg-verhuisgroep-300x225.jpg 300w\" sizes=\"auto, (max-width: 1024px) 100vw, 1024px\" \/><\/div><\/div><\/div><\/div><\/div><\/div><\/div><\/section>\n","protected":false},"excerpt":{"rendered":"Votre d\u00e9m\u00e9nagement en milieu hospitalier ou en Ehpad entre de bonnes mains Vous \u00eates \u00e0 la recherche d&rsquo;une entreprise de d\u00e9m\u00e9nagement de confiance pour un d\u00e9m\u00e9nagement dans une maison de retraite, une maison de repos ou une r\u00e9sidence pour personnes \u00e2g\u00e9es ? Avec Lagerberg Verhuisgroep vous avez un partenaire exp\u00e9riment\u00e9 et humain qui r\u00e9alisera un...","protected":false},"author":2,"featured_media":0,"parent":24452,"menu_order":0,"comment_status":"closed","ping_status":"closed","template":"","meta":{"footnotes":""},"class_list":["post-24480","page","type-page","status-publish","hentry"],"_links":{"self":[{"href":"https:\/\/lagerberg.nl\/fr\/wp-json\/wp\/v2\/pages\/24480","targetHints":{"allow":["GET"]}}],"collection":[{"href":"https:\/\/lagerberg.nl\/fr\/wp-json\/wp\/v2\/pages"}],"about":[{"href":"https:\/\/lagerberg.nl\/fr\/wp-json\/wp\/v2\/types\/page"}],"author":[{"embeddable":true,"href":"https:\/\/lagerberg.nl\/fr\/wp-json\/wp\/v2\/users\/2"}],"replies":[{"embeddable":true,"href":"https:\/\/lagerberg.nl\/fr\/wp-json\/wp\/v2\/comments?post=24480"}],"version-history":[{"count":21,"href":"https:\/\/lagerberg.nl\/fr\/wp-json\/wp\/v2\/pages\/24480\/revisions"}],"predecessor-version":[{"id":24638,"href":"https:\/\/lagerberg.nl\/fr\/wp-json\/wp\/v2\/pages\/24480\/revisions\/24638"}],"up":[{"embeddable":true,"href":"https:\/\/lagerberg.nl\/fr\/wp-json\/wp\/v2\/pages\/24452"}],"wp:attachment":[{"href":"https:\/\/lagerberg.nl\/fr\/wp-json\/wp\/v2\/media?parent=24480"}],"curies":[{"name":"wp","href":"https:\/\/api.w.org\/{rel}","templated":true}]}}