{"id":24472,"date":"2022-03-30T12:44:13","date_gmt":"2022-03-30T12:44:13","guid":{"rendered":"https:\/\/lagerberg.mijntestbak.nl\/particulier\/mission-speciale\/"},"modified":"2022-03-30T12:44:15","modified_gmt":"2022-03-30T12:44:15","slug":"mission-speciale","status":"publish","type":"page","link":"https:\/\/lagerberg.nl\/fr\/particulier\/mission-speciale\/","title":{"rendered":"Mission sp\u00e9ciale"},"content":{"rendered":"<section class=\"l-section wpb_row height_large\"><div class=\"l-section-h i-cf\"><div class=\"g-cols vc_row via_flex valign_top type_default stacking_default\"><div class=\"vc_col-sm-8 wpb_column vc_column_container\"><div class=\"vc_column-inner\"><div class=\"wpb_wrapper\"><div class=\"wpb_text_column\"><div class=\"wpb_wrapper\"><h2>Du sur-mesure pour vos d\u00e9m\u00e9nagements sp\u00e9ciaux<\/h2>\n<p>Vous souhaitez d\u00e9m\u00e9nager un tableau, un piano \u00e0 queue ou une voiture de collection? Chez Lagerberg Verhuisgroep, nous comprenons que vos biens sp\u00e9ciaux et pr\u00e9cieux n\u00e9cessitent une attention et un savoir-faire tout particulier ainsi qu\u2019en amont une pr\u00e9paration minutieuse.<\/p>\n<p><strong>Une mission sp\u00e9ciale demande une attention particuli\u00e8re!<\/strong><\/p>\n<ul>\n<li>D\u00e9m\u00e9nagement de mobiliers sp\u00e9ciaux, comme un piano (\u00e0 queue).<\/li>\n<li>Transport d&rsquo;art et d&rsquo;antiquit\u00e9s<\/li>\n<li>Coffres-forts<\/li>\n<\/ul>\n<p>\u00cates-vous curieux de savoir quelles missions sp\u00e9ciales nous avons d\u00e9j\u00e0 r\u00e9alis\u00e9es? Nous sommes heureux de vous montrer quelques <a href=\"#specialeopdrachten\">projets<\/a> !<\/p>\n<\/div><\/div><\/div><\/div><\/div><div class=\"vc_col-sm-4 wpb_column vc_column_container\"><div class=\"vc_column-inner\"><div class=\"wpb_wrapper\"><div class=\"w-separator size_medium\"><\/div><div class=\"w-btn-wrapper align_none\"><a class=\"w-btn us-btn-style_3\" href=\"https:\/\/lagerberg.nl\/offerte\/\"><span class=\"w-btn-label\">Demande de devis<\/span><\/a><\/div><div class=\"w-separator size_medium\"><\/div><div class=\"w-image align_none\"><div class=\"w-image-h\"><img decoding=\"async\" width=\"800\" height=\"600\" src=\"https:\/\/lagerberg.nl\/wp-content\/uploads\/2022\/01\/Speciale-verhuizing-particuliere-opdracht-lagerberg-verhuigroep.jpg\" class=\"attachment-large size-large\" alt=\"mission sp\u00e9ciale\" loading=\"lazy\" srcset=\"https:\/\/lagerberg.nl\/wp-content\/uploads\/2022\/01\/Speciale-verhuizing-particuliere-opdracht-lagerberg-verhuigroep.jpg 800w, https:\/\/lagerberg.nl\/wp-content\/uploads\/2022\/01\/Speciale-verhuizing-particuliere-opdracht-lagerberg-verhuigroep-300x225.jpg 300w\" sizes=\"auto, (max-width: 800px) 100vw, 800px\" \/><\/div><\/div><\/div><\/div><\/div><\/div><\/div><\/section><section class=\"l-section wpb_row height_small\"><div class=\"l-section-overlay\" style=\"background:#f0f8ff\"><\/div><div class=\"l-section-h i-cf\"><div class=\"g-cols vc_row via_flex valign_middle type_default stacking_default\"><div class=\"vc_col-sm-8 wpb_column vc_column_container\"><div class=\"vc_column-inner\"><div class=\"wpb_wrapper\"><h3 class=\"w-text\"><span class=\"w-text-h\"><span class=\"w-text-value\">Vous avez achet\u00e9 une voiture de collection ou un piano? Nous pouvons les transporter.<\/span><\/span><\/h3><\/div><\/div><\/div><div class=\"vc_col-sm-4 wpb_column vc_column_container\"><div class=\"vc_column-inner\"><div class=\"wpb_wrapper\"><div class=\"w-btn-wrapper align_none\"><a class=\"w-btn us-btn-style_3\" href=\"https:\/\/lagerberg.nl\/offerte\/\"><span class=\"w-btn-label\">Demande de devis<\/span><\/a><\/div><\/div><\/div><\/div><\/div><\/div><\/section><section class=\"l-section wpb_row height_medium\" id=\"missions sp\u00e9ciales\"><div class=\"l-section-h i-cf\"><div class=\"g-cols vc_row via_flex valign_top type_default stacking_default\"><div class=\"vc_col-sm-4 wpb_column vc_column_container\"><div class=\"vc_column-inner\"><div class=\"wpb_wrapper\"><div class=\"w-image align_none\"><div class=\"w-image-h\"><img decoding=\"async\" width=\"900\" height=\"400\" src=\"https:\/\/lagerberg.nl\/wp-content\/uploads\/2020\/07\/Lagerberg-speciale-opdracht-salone-del-mobile.jpg\" class=\"attachment-full size-full\" alt=\"Transport d&#039;art pour le Salone del mobile\" loading=\"lazy\" srcset=\"https:\/\/lagerberg.nl\/wp-content\/uploads\/2020\/07\/Lagerberg-speciale-opdracht-salone-del-mobile.jpg 900w, https:\/\/lagerberg.nl\/wp-content\/uploads\/2020\/07\/Lagerberg-speciale-opdracht-salone-del-mobile-300x133.jpg 300w\" sizes=\"auto, (max-width: 900px) 100vw, 900px\" \/><\/div><\/div><div class=\"w-separator size_small\"><\/div><div class=\"wpb_text_column\"><div class=\"wpb_wrapper\"><h3>Salone del Mobile<\/h3>\n<p>Lagerberg Verhuisgroep assure chaque ann\u00e9e le transport des Pays-Bas \u00e0 Milan pour le salon du design Salone del Mobile. Transport d&rsquo;Art international dans les meilleures conditions!<\/p>\n<\/div><\/div><\/div><\/div><\/div><div class=\"vc_col-sm-4 wpb_column vc_column_container\"><div class=\"vc_column-inner\"><div class=\"wpb_wrapper\"><div class=\"w-image align_none\"><div class=\"w-image-h\"><img decoding=\"async\" width=\"900\" height=\"400\" src=\"https:\/\/lagerberg.nl\/wp-content\/uploads\/2020\/11\/Masterly-the-hague-tijdelijk.jpg\" class=\"attachment-full size-full\" alt=\"Specialiste en transport d&#039;art\" loading=\"lazy\" srcset=\"https:\/\/lagerberg.nl\/wp-content\/uploads\/2020\/11\/Masterly-the-hague-tijdelijk.jpg 900w, https:\/\/lagerberg.nl\/wp-content\/uploads\/2020\/11\/Masterly-the-hague-tijdelijk-300x133.jpg 300w\" sizes=\"auto, (max-width: 900px) 100vw, 900px\" \/><\/div><\/div><div class=\"w-separator size_small\"><\/div><div class=\"wpb_text_column\"><div class=\"wpb_wrapper\"><h3>Masterly The Hague<\/h3>\n<p>Dans le cadre de Masterly La Haye, Lagerberg assure le transport d\u2019objets d\u2019art dans le magnifique quartier des mus\u00e9es et du Hofvijver.<br \/>\nDesigners, artistes, photographes et galeries participent \u00e0 Masterly The Hague et vendent leur travail sur place.<\/p>\n<\/div><\/div><\/div><\/div><\/div><div class=\"vc_col-sm-4 wpb_column vc_column_container\"><div class=\"vc_column-inner\"><div class=\"wpb_wrapper\"><\/div><\/div><\/div><\/div><\/div><\/section><section class=\"l-section wpb_row height_auto width_full\"><div class=\"l-section-h i-cf\"><div class=\"g-cols vc_row via_flex valign_top type_default stacking_default\"><div class=\"vc_col-sm-12 wpb_column vc_column_container\"><div class=\"vc_column-inner\"><div class=\"wpb_wrapper\"><div class=\"w-separator us_custom_15356258 size_custom\" style=\"height:3px\"><\/div><\/div><\/div><\/div><\/div><\/div><\/section><section class=\"l-section wpb_row height_medium\"><div class=\"l-section-h i-cf\"><div class=\"g-cols vc_row via_flex valign_top type_default stacking_default\"><div class=\"vc_col-sm-4 wpb_column vc_column_container\"><div class=\"vc_column-inner\"><div class=\"wpb_wrapper\"><div class=\"w-btn-wrapper align_none\"><a class=\"w-btn us-btn-style_1\" title=\"D\u00e9m\u00e9nagement particulier\" href=\"https:\/\/lagerberg.nl\/fr\/particulier\/demenagement-particulier\/\"><span class=\"w-btn-label\">D\u00e9m\u00e9nagement particulier<\/span><\/a><\/div><div class=\"w-separator size_small\"><\/div><div class=\"w-image align_none\"><div class=\"w-image-h\"><img decoding=\"async\" width=\"1024\" height=\"768\" src=\"https:\/\/lagerberg.nl\/wp-content\/uploads\/2021\/12\/Particuliere-verhuizing-lagerberg-verhuisgroep.jpg\" class=\"attachment-large size-large\" alt=\"d\u00e9m\u00e9nagement de particulier dans la r\u00e9gion de Leiden, Den Haag, Noordwijk, Katwijk et au-del\u00e0\" loading=\"lazy\" srcset=\"https:\/\/lagerberg.nl\/wp-content\/uploads\/2021\/12\/Particuliere-verhuizing-lagerberg-verhuisgroep.jpg 1024w, https:\/\/lagerberg.nl\/wp-content\/uploads\/2021\/12\/Particuliere-verhuizing-lagerberg-verhuisgroep-300x225.jpg 300w\" sizes=\"auto, (max-width: 1024px) 100vw, 1024px\" \/><\/div><\/div><\/div><\/div><\/div><div class=\"vc_col-sm-4 wpb_column vc_column_container\"><div class=\"vc_column-inner\"><div class=\"wpb_wrapper\"><div class=\"w-btn-wrapper align_none\"><a class=\"w-btn us-btn-style_1\" title=\"D\u00e9m\u00e9nagement international\" href=\"https:\/\/lagerberg.nl\/fr\/particulier\/demenagement-international\/\"><span class=\"w-btn-label\">D\u00e9m\u00e9nagement international<\/span><\/a><\/div><div class=\"w-separator size_small\"><\/div><div class=\"w-image align_none\"><div class=\"w-image-h\"><img decoding=\"async\" width=\"1024\" height=\"768\" src=\"https:\/\/lagerberg.nl\/wp-content\/uploads\/2022\/01\/Internationale-verhuizing-particulier-lagerberg-verhuisgroep.jpg\" class=\"attachment-large size-large\" alt=\"d\u00e9m\u00e9nagement international particulier\" loading=\"lazy\" srcset=\"https:\/\/lagerberg.nl\/wp-content\/uploads\/2022\/01\/Internationale-verhuizing-particulier-lagerberg-verhuisgroep.jpg 1024w, https:\/\/lagerberg.nl\/wp-content\/uploads\/2022\/01\/Internationale-verhuizing-particulier-lagerberg-verhuisgroep-300x225.jpg 300w\" sizes=\"auto, (max-width: 1024px) 100vw, 1024px\" \/><\/div><\/div><\/div><\/div><\/div><div class=\"vc_col-sm-4 wpb_column vc_column_container\"><div class=\"vc_column-inner\"><div class=\"wpb_wrapper\"><div class=\"w-btn-wrapper align_none\"><a class=\"w-btn us-btn-style_1\" title=\"D\u00e9m\u00e9nagement en milieu hospitalier et Ehpad\" href=\"https:\/\/lagerberg.nl\/particulier\/zorgverhuizing\/\"><span class=\"w-btn-label\">D\u00e9m\u00e9nagement en milieu hospitalier et Ehpad<\/span><\/a><\/div><div class=\"w-separator size_small\"><\/div><div class=\"w-image align_none\"><div class=\"w-image-h\"><img decoding=\"async\" width=\"1024\" height=\"769\" src=\"https:\/\/lagerberg.nl\/wp-content\/uploads\/2022\/01\/Particuliere-zorgverhuizing-lagerberg-wassenaar.jpg\" class=\"attachment-large size-large\" alt=\"d\u00e9m\u00e9nagement milieu hospitalier et ehpad\" loading=\"lazy\" srcset=\"https:\/\/lagerberg.nl\/wp-content\/uploads\/2022\/01\/Particuliere-zorgverhuizing-lagerberg-wassenaar.jpg 1024w, https:\/\/lagerberg.nl\/wp-content\/uploads\/2022\/01\/Particuliere-zorgverhuizing-lagerberg-wassenaar-300x225.jpg 300w\" sizes=\"auto, (max-width: 1024px) 100vw, 1024px\" \/><\/div><\/div><\/div><\/div><\/div><\/div><\/div><\/section>\n","protected":false},"excerpt":{"rendered":"Du sur-mesure pour vos d\u00e9m\u00e9nagements sp\u00e9ciaux Vous souhaitez d\u00e9m\u00e9nager un tableau, un piano \u00e0 queue ou une voiture de collection? Chez Lagerberg Verhuisgroep, nous comprenons que vos biens sp\u00e9ciaux et pr\u00e9cieux n\u00e9cessitent une attention et un savoir-faire tout particulier ainsi qu\u2019en amont une pr\u00e9paration minutieuse. Une mission sp\u00e9ciale demande une attention particuli\u00e8re! D\u00e9m\u00e9nagement de mobiliers...","protected":false},"author":2,"featured_media":0,"parent":24452,"menu_order":0,"comment_status":"closed","ping_status":"closed","template":"","meta":{"footnotes":""},"class_list":["post-24472","page","type-page","status-publish","hentry"],"_links":{"self":[{"href":"https:\/\/lagerberg.nl\/fr\/wp-json\/wp\/v2\/pages\/24472","targetHints":{"allow":["GET"]}}],"collection":[{"href":"https:\/\/lagerberg.nl\/fr\/wp-json\/wp\/v2\/pages"}],"about":[{"href":"https:\/\/lagerberg.nl\/fr\/wp-json\/wp\/v2\/types\/page"}],"author":[{"embeddable":true,"href":"https:\/\/lagerberg.nl\/fr\/wp-json\/wp\/v2\/users\/2"}],"replies":[{"embeddable":true,"href":"https:\/\/lagerberg.nl\/fr\/wp-json\/wp\/v2\/comments?post=24472"}],"version-history":[{"count":7,"href":"https:\/\/lagerberg.nl\/fr\/wp-json\/wp\/v2\/pages\/24472\/revisions"}],"predecessor-version":[{"id":24479,"href":"https:\/\/lagerberg.nl\/fr\/wp-json\/wp\/v2\/pages\/24472\/revisions\/24479"}],"up":[{"embeddable":true,"href":"https:\/\/lagerberg.nl\/fr\/wp-json\/wp\/v2\/pages\/24452"}],"wp:attachment":[{"href":"https:\/\/lagerberg.nl\/fr\/wp-json\/wp\/v2\/media?parent=24472"}],"curies":[{"name":"wp","href":"https:\/\/api.w.org\/{rel}","templated":true}]}}