{"id":24464,"date":"2022-03-30T11:15:04","date_gmt":"2022-03-30T11:15:04","guid":{"rendered":"https:\/\/lagerberg.mijntestbak.nl\/particulier\/demenagement-international\/"},"modified":"2022-04-04T13:01:08","modified_gmt":"2022-04-04T13:01:08","slug":"demenagement-international","status":"publish","type":"page","link":"https:\/\/lagerberg.nl\/fr\/particulier\/demenagement-international\/","title":{"rendered":"D\u00e9m\u00e9nagement international"},"content":{"rendered":"<section class=\"l-section wpb_row height_large\"><div class=\"l-section-h i-cf\"><div class=\"g-cols vc_row via_flex valign_top type_default stacking_default\"><div class=\"vc_col-sm-6 wpb_column vc_column_container\"><div class=\"vc_column-inner\"><div class=\"wpb_wrapper\"><div class=\"wpb_text_column\"><div class=\"wpb_wrapper\"><h2>D\u00e9m\u00e9nagement europ\u00e9en ou outre-mer<\/h2>\n<p>Nos \u00e9quipes de d\u00e9m\u00e9nageurs transportent vos biens partout en Europe. Quand aux d\u00e9m\u00e9nagements outre-mer, gr\u00e2ce \u00e0 un r\u00e9seau d&rsquo;agents sp\u00e9cialis\u00e9s, vos effets personnels peuvent \u00eatre achemin\u00e9s de porte \u00e0 porte n&rsquo;importe o\u00f9 dans le monde.<\/p>\n<p>Un d\u00e9m\u00e9nagement international est soumis \u00e0 des r\u00e8gles strictes que nous connaissons. Nous r\u00e9fl\u00e9chissons avec vous et organisons les \u00e9tapes du d\u00e9m\u00e9nagement comme vous le souhaitez. Nous nous occupons de toutes les formalit\u00e9s, tels que les documents douaniers n\u00e9cessaires, etc.<\/p>\n<p>Nous pouvons aussi nous charger du d\u00e9m\u00e9nagement de quelques meubles seulement vers votre r\u00e9sidence secondaire \u00e0 l&rsquo;\u00e9tranger.<\/p>\n<ul>\n<li>Service complet de d\u00e9m\u00e9nagement en Europe avec nos propres employ\u00e9s exp\u00e9riment\u00e9s<\/li>\n<li>Service complet de d\u00e9m\u00e9nagement depuis et vers le Royaume-Uni avec nos propres employ\u00e9s, y compris les formalit\u00e9s douani\u00e8res<\/li>\n<li>D\u00e9m\u00e9nagements dans le monde entier avec des agents sp\u00e9cialis\u00e9s<\/li>\n<li>Prise en charge de toutes les formalit\u00e9s douani\u00e8res<\/li>\n<li>Options de groupage pour les petites exp\u00e9ditions<\/li>\n<\/ul>\n<\/div><\/div><\/div><\/div><\/div><div class=\"vc_col-sm-6 wpb_column vc_column_container\"><div class=\"vc_column-inner\"><div class=\"wpb_wrapper\"><div class=\"w-image align_none\"><div class=\"w-image-h\"><img decoding=\"async\" width=\"1024\" height=\"768\" src=\"https:\/\/lagerberg.nl\/wp-content\/uploads\/2022\/01\/Internationale-verhuizing-particulier-lagerberg-verhuisgroep.jpg\" class=\"attachment-large size-large\" alt=\"d\u00e9m\u00e9nagement international particulier\" loading=\"lazy\" srcset=\"https:\/\/lagerberg.nl\/wp-content\/uploads\/2022\/01\/Internationale-verhuizing-particulier-lagerberg-verhuisgroep.jpg 1024w, https:\/\/lagerberg.nl\/wp-content\/uploads\/2022\/01\/Internationale-verhuizing-particulier-lagerberg-verhuisgroep-300x225.jpg 300w\" sizes=\"auto, (max-width: 1024px) 100vw, 1024px\" \/><\/div><\/div><\/div><\/div><\/div><\/div><\/div><\/section><section class=\"l-section wpb_row height_small\"><div class=\"l-section-overlay\" style=\"background:#f0f8ff\"><\/div><div class=\"l-section-h i-cf\"><div class=\"g-cols vc_row via_flex valign_middle type_default stacking_default\"><div class=\"vc_col-sm-8 wpb_column vc_column_container\"><div class=\"vc_column-inner\"><div class=\"wpb_wrapper\"><h3 class=\"w-text us_custom_46853b09\"><a title=\"Devis\" href=\"https:\/\/lagerberg.nl\/fr\/devis\/\" class=\"w-text-h\"><span class=\"w-text-value\">Demandez un devis pour un d\u00e9m\u00e9nagement international<\/span><\/a><\/h3><\/div><\/div><\/div><div class=\"vc_col-sm-4 wpb_column vc_column_container\"><div class=\"vc_column-inner\"><div class=\"wpb_wrapper\"><div class=\"w-btn-wrapper align_none\"><a class=\"w-btn us-btn-style_3\" title=\"Devis\" href=\"https:\/\/lagerberg.nl\/fr\/devis\/\"><span class=\"w-btn-label\">Formulaire pour le devis<\/span><\/a><\/div><\/div><\/div><\/div><\/div><\/div><\/section><section class=\"l-section wpb_row height_medium\"><div class=\"l-section-h i-cf\"><div class=\"g-cols vc_row via_flex valign_top type_default stacking_default\"><div class=\"vc_col-sm-4 wpb_column vc_column_container\"><div class=\"vc_column-inner\"><div class=\"wpb_wrapper\"><div class=\"w-btn-wrapper align_none\"><a class=\"w-btn us-btn-style_1\" title=\"Particulier\" href=\"https:\/\/lagerberg.nl\/fr\/particulier\/\"><span class=\"w-btn-label\">D\u00e9m\u00e9nagement particulier<\/span><\/a><\/div><div class=\"w-separator size_small\"><\/div><div class=\"w-image align_none\"><div class=\"w-image-h\"><img decoding=\"async\" width=\"1024\" height=\"768\" src=\"https:\/\/lagerberg.nl\/wp-content\/uploads\/2021\/12\/Particuliere-verhuizing-lagerberg-verhuisgroep.jpg\" class=\"attachment-large size-large\" alt=\"d\u00e9m\u00e9nagement de particulier dans la r\u00e9gion de Leiden, Den Haag, Noordwijk, Katwijk et au-del\u00e0\" loading=\"lazy\" srcset=\"https:\/\/lagerberg.nl\/wp-content\/uploads\/2021\/12\/Particuliere-verhuizing-lagerberg-verhuisgroep.jpg 1024w, https:\/\/lagerberg.nl\/wp-content\/uploads\/2021\/12\/Particuliere-verhuizing-lagerberg-verhuisgroep-300x225.jpg 300w\" sizes=\"auto, (max-width: 1024px) 100vw, 1024px\" \/><\/div><\/div><\/div><\/div><\/div><div class=\"vc_col-sm-4 wpb_column vc_column_container\"><div class=\"vc_column-inner\"><div class=\"wpb_wrapper\"><div class=\"w-btn-wrapper align_none\"><a class=\"w-btn us-btn-style_1\" title=\"Mission sp\u00e9ciale\" href=\"https:\/\/lagerberg.nl\/fr\/particulier\/mission-speciale\/\"><span class=\"w-btn-label\">Mission sp\u00e9ciale<\/span><\/a><\/div><div class=\"w-separator size_small\"><\/div><div class=\"w-image align_none\"><div class=\"w-image-h\"><img decoding=\"async\" width=\"800\" height=\"600\" src=\"https:\/\/lagerberg.nl\/wp-content\/uploads\/2022\/01\/Speciale-verhuizing-particuliere-opdracht-lagerberg-verhuigroep.jpg\" class=\"attachment-large size-large\" alt=\"mission sp\u00e9ciale\" loading=\"lazy\" srcset=\"https:\/\/lagerberg.nl\/wp-content\/uploads\/2022\/01\/Speciale-verhuizing-particuliere-opdracht-lagerberg-verhuigroep.jpg 800w, https:\/\/lagerberg.nl\/wp-content\/uploads\/2022\/01\/Speciale-verhuizing-particuliere-opdracht-lagerberg-verhuigroep-300x225.jpg 300w\" sizes=\"auto, (max-width: 800px) 100vw, 800px\" \/><\/div><\/div><\/div><\/div><\/div><div class=\"vc_col-sm-4 wpb_column vc_column_container\"><div class=\"vc_column-inner\"><div class=\"wpb_wrapper\"><div class=\"w-btn-wrapper align_none\"><a class=\"w-btn us-btn-style_1\" title=\"d\u00e9m\u00e9nagement en milieu hospitalier et Ehpad\" href=\"https:\/\/lagerberg.nl\/fr\/particulier\/demenagement-en-milieu-hospitalier-et-ehpad\/\"><span class=\"w-btn-label\">D\u00e9m\u00e9nagement en milieu hospitalier et Ehpad<\/span><\/a><\/div><div class=\"w-separator size_small\"><\/div><div class=\"w-image align_none\"><div class=\"w-image-h\"><img decoding=\"async\" width=\"1024\" height=\"769\" src=\"https:\/\/lagerberg.nl\/wp-content\/uploads\/2022\/01\/Particuliere-zorgverhuizing-lagerberg-wassenaar.jpg\" class=\"attachment-large size-large\" alt=\"d\u00e9m\u00e9nagement milieu hospitalier et ehpad\" loading=\"lazy\" srcset=\"https:\/\/lagerberg.nl\/wp-content\/uploads\/2022\/01\/Particuliere-zorgverhuizing-lagerberg-wassenaar.jpg 1024w, https:\/\/lagerberg.nl\/wp-content\/uploads\/2022\/01\/Particuliere-zorgverhuizing-lagerberg-wassenaar-300x225.jpg 300w\" sizes=\"auto, (max-width: 1024px) 100vw, 1024px\" \/><\/div><\/div><\/div><\/div><\/div><\/div><\/div><\/section>\n","protected":false},"excerpt":{"rendered":"D\u00e9m\u00e9nagement europ\u00e9en ou outre-mer Nos \u00e9quipes de d\u00e9m\u00e9nageurs transportent vos biens partout en Europe. Quand aux d\u00e9m\u00e9nagements outre-mer, gr\u00e2ce \u00e0 un r\u00e9seau d&rsquo;agents sp\u00e9cialis\u00e9s, vos effets personnels peuvent \u00eatre achemin\u00e9s de porte \u00e0 porte n&rsquo;importe o\u00f9 dans le monde. Un d\u00e9m\u00e9nagement international est soumis \u00e0 des r\u00e8gles strictes que nous connaissons. Nous r\u00e9fl\u00e9chissons avec vous...","protected":false},"author":2,"featured_media":0,"parent":24452,"menu_order":0,"comment_status":"closed","ping_status":"closed","template":"","meta":{"footnotes":""},"class_list":["post-24464","page","type-page","status-publish","hentry"],"_links":{"self":[{"href":"https:\/\/lagerberg.nl\/fr\/wp-json\/wp\/v2\/pages\/24464","targetHints":{"allow":["GET"]}}],"collection":[{"href":"https:\/\/lagerberg.nl\/fr\/wp-json\/wp\/v2\/pages"}],"about":[{"href":"https:\/\/lagerberg.nl\/fr\/wp-json\/wp\/v2\/types\/page"}],"author":[{"embeddable":true,"href":"https:\/\/lagerberg.nl\/fr\/wp-json\/wp\/v2\/users\/2"}],"replies":[{"embeddable":true,"href":"https:\/\/lagerberg.nl\/fr\/wp-json\/wp\/v2\/comments?post=24464"}],"version-history":[{"count":34,"href":"https:\/\/lagerberg.nl\/fr\/wp-json\/wp\/v2\/pages\/24464\/revisions"}],"predecessor-version":[{"id":24669,"href":"https:\/\/lagerberg.nl\/fr\/wp-json\/wp\/v2\/pages\/24464\/revisions\/24669"}],"up":[{"embeddable":true,"href":"https:\/\/lagerberg.nl\/fr\/wp-json\/wp\/v2\/pages\/24452"}],"wp:attachment":[{"href":"https:\/\/lagerberg.nl\/fr\/wp-json\/wp\/v2\/media?parent=24464"}],"curies":[{"name":"wp","href":"https:\/\/api.w.org\/{rel}","templated":true}]}}