{"id":24458,"date":"2022-03-30T10:59:18","date_gmt":"2022-03-30T10:59:18","guid":{"rendered":"https:\/\/lagerberg.mijntestbak.nl\/particulier\/demenagement-particulier\/"},"modified":"2022-04-04T12:58:05","modified_gmt":"2022-04-04T12:58:05","slug":"demenagement-particulier","status":"publish","type":"page","link":"https:\/\/lagerberg.nl\/fr\/particulier\/demenagement-particulier\/","title":{"rendered":"D\u00e9m\u00e9nagement particulier"},"content":{"rendered":"<section class=\"l-section wpb_row height_large\"><div class=\"l-section-h i-cf\"><div class=\"g-cols vc_row via_flex valign_top type_default stacking_default\"><div class=\"vc_col-sm-6 wpb_column vc_column_container\"><div class=\"vc_column-inner\"><div class=\"wpb_wrapper\"><div class=\"wpb_text_column\"><div class=\"wpb_wrapper\"><h2>Votre d\u00e9m\u00e9nagement entre de bonnes mains<\/h2>\n<p>Pour un d\u00e9m\u00e9nagement particulier, vous \u00eates \u00e0 la bonne adresse chez Lagerberg Verhuisgroep. De la premi\u00e8re prise de contact au d\u00e9m\u00e9nagement final, tout a \u00e9t\u00e9 pr\u00e9par\u00e9 et r\u00e9gl\u00e9 dans les moindres d\u00e9tails. L&rsquo;ensemble de vos biens sera transport\u00e9 vers la nouvelle adresse avec le plus grand soin possible.<\/p>\n<ul>\n<li>Livraison de tous les mat\u00e9riaux d&#8217;emballage n\u00e9cessaires, tels que cartons de d\u00e9m\u00e9nagement cartons garde-robe, papier d&#8217;emballage, housses de matelas, etc.<\/li>\n<li>Emballage de tout ou d\u2019une partie de vos biens.<\/li>\n<\/ul>\n<p><span style=\"color: #044c8e;\">Mais aussi:<\/span><\/p>\n<ul>\n<li>Emballage de tableaux et miroirs<\/li>\n<li>D\u00e9montage et montage de meubles<\/li>\n<li>D\u00e9tacher et\/ou suspendre des lampes<\/li>\n<li>Service handyman<\/li>\n<li>Service de nettoyage de votre domicile<\/li>\n<li>Transport \u00e9ventuel vers la d\u00e9chetterie<\/li>\n<li>WEGHALEN IS DUBBEL<\/li>\n<li>D\u00e9m\u00e9nagement de quelques meubles uniquement<\/li>\n<li>Certificat de garantie incluant une assurance tous risques jusqu&rsquo;\u00e0 un maximum de \u20ac 100.000,-<\/li>\n<\/ul>\n<\/div><\/div><\/div><\/div><\/div><div class=\"vc_col-sm-6 wpb_column vc_column_container\"><div class=\"vc_column-inner\"><div class=\"wpb_wrapper\"><div class=\"w-image align_none\"><div class=\"w-image-h\"><img decoding=\"async\" width=\"1024\" height=\"768\" src=\"https:\/\/lagerberg.nl\/wp-content\/uploads\/2022\/01\/Particulier-verhuizen-lagerberg-verhuisgroep.jpg\" class=\"attachment-large size-large\" alt=\"Votre d\u00e9m\u00e9nagement entre de bonnes mains\" loading=\"lazy\" srcset=\"https:\/\/lagerberg.nl\/wp-content\/uploads\/2022\/01\/Particulier-verhuizen-lagerberg-verhuisgroep.jpg 1024w, https:\/\/lagerberg.nl\/wp-content\/uploads\/2022\/01\/Particulier-verhuizen-lagerberg-verhuisgroep-300x225.jpg 300w\" sizes=\"auto, (max-width: 1024px) 100vw, 1024px\" \/><\/div><\/div><\/div><\/div><\/div><\/div><\/div><\/section><section class=\"l-section wpb_row height_small\"><div class=\"l-section-overlay\" style=\"background:#f0f8ff\"><\/div><div class=\"l-section-h i-cf\"><div class=\"g-cols vc_row via_flex valign_middle type_default stacking_default\"><div class=\"vc_col-sm-8 wpb_column vc_column_container\"><div class=\"vc_column-inner\"><div class=\"wpb_wrapper\"><h3 class=\"w-text\"><a title=\"devis\" href=\"https:\/\/lagerberg.nl\/fr\/devis\/\" class=\"w-text-h\"><span class=\"w-text-value\">Demandez un devis sans engagement de votre part<\/span><\/a><\/h3><\/div><\/div><\/div><div class=\"vc_col-sm-4 wpb_column vc_column_container\"><div class=\"vc_column-inner\"><div class=\"wpb_wrapper\"><div class=\"w-btn-wrapper align_none\"><a class=\"w-btn us-btn-style_3\" title=\"devis\" href=\"https:\/\/lagerberg.nl\/fr\/devis\/\"><span class=\"w-btn-label\">Demande de devis<\/span><\/a><\/div><\/div><\/div><\/div><\/div><\/div><\/section><section class=\"l-section wpb_row height_medium\"><div class=\"l-section-h i-cf\"><div class=\"g-cols vc_row via_flex valign_top type_default stacking_default\"><div class=\"vc_col-sm-4 wpb_column vc_column_container\"><div class=\"vc_column-inner\"><div class=\"wpb_wrapper\"><div class=\"w-btn-wrapper align_none\"><a class=\"w-btn us-btn-style_1\" title=\"D\u00e9m\u00e9nagement international\" href=\"https:\/\/lagerberg.nl\/fr\/particulier\/demenagement-international\/\"><span class=\"w-btn-label\">D\u00e9m\u00e9nagement international<\/span><\/a><\/div><div class=\"w-separator size_small\"><\/div><div class=\"w-image align_none\"><div class=\"w-image-h\"><img decoding=\"async\" width=\"1024\" height=\"768\" src=\"https:\/\/lagerberg.nl\/wp-content\/uploads\/2022\/01\/Internationale-verhuizing-particulier-lagerberg-verhuisgroep.jpg\" class=\"attachment-large size-large\" alt=\"d\u00e9m\u00e9nagement international particulier\" loading=\"lazy\" srcset=\"https:\/\/lagerberg.nl\/wp-content\/uploads\/2022\/01\/Internationale-verhuizing-particulier-lagerberg-verhuisgroep.jpg 1024w, https:\/\/lagerberg.nl\/wp-content\/uploads\/2022\/01\/Internationale-verhuizing-particulier-lagerberg-verhuisgroep-300x225.jpg 300w\" sizes=\"auto, (max-width: 1024px) 100vw, 1024px\" \/><\/div><\/div><\/div><\/div><\/div><div class=\"vc_col-sm-4 wpb_column vc_column_container\"><div class=\"vc_column-inner\"><div class=\"wpb_wrapper\"><div class=\"w-btn-wrapper align_none\"><a class=\"w-btn us-btn-style_1\" title=\"Mission sp\u00e9ciale\" href=\"https:\/\/lagerberg.nl\/fr\/particulier\/mission-speciale\/\"><span class=\"w-btn-label\">Mission sp\u00e9ciale<\/span><\/a><\/div><div class=\"w-separator size_small\"><\/div><div class=\"w-image align_none\"><div class=\"w-image-h\"><img decoding=\"async\" width=\"800\" height=\"600\" src=\"https:\/\/lagerberg.nl\/wp-content\/uploads\/2022\/01\/Speciale-verhuizing-particuliere-opdracht-lagerberg-verhuigroep.jpg\" class=\"attachment-large size-large\" alt=\"mission sp\u00e9ciale\" loading=\"lazy\" srcset=\"https:\/\/lagerberg.nl\/wp-content\/uploads\/2022\/01\/Speciale-verhuizing-particuliere-opdracht-lagerberg-verhuigroep.jpg 800w, https:\/\/lagerberg.nl\/wp-content\/uploads\/2022\/01\/Speciale-verhuizing-particuliere-opdracht-lagerberg-verhuigroep-300x225.jpg 300w\" sizes=\"auto, (max-width: 800px) 100vw, 800px\" \/><\/div><\/div><\/div><\/div><\/div><div class=\"vc_col-sm-4 wpb_column vc_column_container\"><div class=\"vc_column-inner\"><div class=\"wpb_wrapper\"><div class=\"w-btn-wrapper align_none\"><a class=\"w-btn us-btn-style_1\" title=\"d\u00e9m\u00e9nagement en milieu hospitalier ou Ehpad\" href=\"https:\/\/lagerberg.nl\/fr\/particulier\/demenagement-en-milieu-hospitalier-et-ehpad\/\"><span class=\"w-btn-label\">D\u00e9m\u00e9nagement en milieu hospitalier ou Ehpad<\/span><\/a><\/div><div class=\"w-separator size_small\"><\/div><div class=\"w-image align_none\"><div class=\"w-image-h\"><img decoding=\"async\" width=\"1024\" height=\"769\" src=\"https:\/\/lagerberg.nl\/wp-content\/uploads\/2022\/01\/Particuliere-zorgverhuizing-lagerberg-wassenaar.jpg\" class=\"attachment-large size-large\" alt=\"d\u00e9m\u00e9nagement milieu hospitalier et ehpad\" loading=\"lazy\" srcset=\"https:\/\/lagerberg.nl\/wp-content\/uploads\/2022\/01\/Particuliere-zorgverhuizing-lagerberg-wassenaar.jpg 1024w, https:\/\/lagerberg.nl\/wp-content\/uploads\/2022\/01\/Particuliere-zorgverhuizing-lagerberg-wassenaar-300x225.jpg 300w\" sizes=\"auto, (max-width: 1024px) 100vw, 1024px\" \/><\/div><\/div><\/div><\/div><\/div><\/div><\/div><\/section>\n","protected":false},"excerpt":{"rendered":"Votre d\u00e9m\u00e9nagement entre de bonnes mains Pour un d\u00e9m\u00e9nagement particulier, vous \u00eates \u00e0 la bonne adresse chez Lagerberg Verhuisgroep. De la premi\u00e8re prise de contact au d\u00e9m\u00e9nagement final, tout a \u00e9t\u00e9 pr\u00e9par\u00e9 et r\u00e9gl\u00e9 dans les moindres d\u00e9tails. L&rsquo;ensemble de vos biens sera transport\u00e9 vers la nouvelle adresse avec le plus grand soin possible. Livraison...","protected":false},"author":2,"featured_media":0,"parent":24452,"menu_order":0,"comment_status":"closed","ping_status":"closed","template":"","meta":{"footnotes":""},"class_list":["post-24458","page","type-page","status-publish","hentry"],"_links":{"self":[{"href":"https:\/\/lagerberg.nl\/fr\/wp-json\/wp\/v2\/pages\/24458","targetHints":{"allow":["GET"]}}],"collection":[{"href":"https:\/\/lagerberg.nl\/fr\/wp-json\/wp\/v2\/pages"}],"about":[{"href":"https:\/\/lagerberg.nl\/fr\/wp-json\/wp\/v2\/types\/page"}],"author":[{"embeddable":true,"href":"https:\/\/lagerberg.nl\/fr\/wp-json\/wp\/v2\/users\/2"}],"replies":[{"embeddable":true,"href":"https:\/\/lagerberg.nl\/fr\/wp-json\/wp\/v2\/comments?post=24458"}],"version-history":[{"count":25,"href":"https:\/\/lagerberg.nl\/fr\/wp-json\/wp\/v2\/pages\/24458\/revisions"}],"predecessor-version":[{"id":24663,"href":"https:\/\/lagerberg.nl\/fr\/wp-json\/wp\/v2\/pages\/24458\/revisions\/24663"}],"up":[{"embeddable":true,"href":"https:\/\/lagerberg.nl\/fr\/wp-json\/wp\/v2\/pages\/24452"}],"wp:attachment":[{"href":"https:\/\/lagerberg.nl\/fr\/wp-json\/wp\/v2\/media?parent=24458"}],"curies":[{"name":"wp","href":"https:\/\/api.w.org\/{rel}","templated":true}]}}