{"id":24445,"date":"2022-03-30T10:39:58","date_gmt":"2022-03-30T10:39:58","guid":{"rendered":"https:\/\/lagerberg.mijntestbak.nl\/page-daccueil\/"},"modified":"2022-04-29T10:00:19","modified_gmt":"2022-04-29T10:00:19","slug":"page-daccueil","status":"publish","type":"page","link":"https:\/\/lagerberg.nl\/fr\/","title":{"rendered":"Page d&rsquo;accueil"},"content":{"rendered":"<section class=\"l-section wpb_row align_center height_huge color_primary with_img with_video\"><div class=\"l-section-img\" role=\"img\" aria-label=\"kantoor en wagenpark Lagerberg\" data-img-width=\"1600\" data-img-height=\"762\" style=\"background-image: url(https:\/\/lagerberg.nl\/wp-content\/uploads\/2020\/07\/Lagerberg-slide-pand.jpg);background-repeat: no-repeat;\"><\/div><div id=\"us_bg_video_r805\" class=\"l-section-video\"><script id=\"us_bg_video_r805-script\">!function(w){var node = document.getElementById( 'us_bg_video_r805' );if ( w.innerWidth <= 600 ) { node.remove() }}(window);<\/script><style>@media(max-width:600px){#us_bg_video_r805{display:none!important}}<\/style><video  autoplay loop muted playsinline preload=\"auto\" tabindex=\"-1\"><source type=\"video\/mp4\" src=\"\/wp-content\/uploads\/2022\/02\/Lagerberg-movers-wassenaar-intro.mp4\" \/><\/video><\/div><div class=\"l-section-overlay\" style=\"background:rgba(0,0,0,0.3)\"><\/div><div class=\"l-section-h i-cf\"><div class=\"g-cols vc_row via_flex valign_top type_default stacking_default\"><div class=\"vc_col-sm-12 wpb_column vc_column_container\"><div class=\"vc_column-inner\"><div class=\"wpb_wrapper\"><h1 class=\"w-itext us_custom_c7535da0 type_fadeIn align_center dynamic_bold\" style=\"--itext-transition-duration:0.3s;--itext-timing-function:cubic-bezier(.86,0,.07,1);\" onclick='return {&quot;duration&quot;:300,&quot;delay&quot;:3000}'>Votre <span class=\"w-itext-part\"><span class=\"w-itext-state state-0 is-active\">d&eacute;m&eacute;nagement <\/span><span class=\"w-itext-state state-1\">stockage <\/span><\/span>entre de bonnes mains<\/h1><div class=\"w-separator size_medium\"><\/div><div class=\"w-btn-wrapper align_none\"><a class=\"w-btn us-btn-style_1 us_custom_b4198c51\" href=\"https:\/\/lagerberg.nl\/fr\/devis\/\"><span class=\"w-btn-label\">Demande de devis<\/span><\/a><\/div><div class=\"w-btn-wrapper align_none\"><a class=\"w-btn us-btn-style_3 us_custom_b4198c51\" href=\"#reviews\"><span class=\"w-btn-label\">Avis de clients<\/span><\/a><\/div><div class=\"w-separator size_medium\"><\/div><\/div><\/div><\/div><\/div><\/div><\/section><section class=\"l-section wpb_row height_medium\" id=\"start\"><div class=\"l-section-overlay\" style=\"background:linear-gradient(90deg, rgba(255,255,255,0) 0%, rgba(255,255,255,1) 0%, rgba(255,255,255,1) 66%, rgba(255,255,255,0) 100%)\"><\/div><div class=\"l-section-h i-cf\"><div class=\"g-cols vc_row via_flex valign_middle type_default stacking_default\"><div class=\"vc_col-sm-6 wpb_column vc_column_container\"><div class=\"vc_column-inner\"><div class=\"vc_column-overlay\" style=\"background:rgba(255,255,255,0.80)\"><\/div><div class=\"wpb_wrapper\"><div class=\"wpb_text_column us_custom_cae442d4\"><div class=\"wpb_wrapper\"><h2>Lagerberg Verhuisgroep<\/h2>\n<p style=\"text-align: left;\">Lagerberg Verhuisgroep est une v\u00e9ritable entreprise familiale depuis 3 g\u00e9n\u00e9rations avec 50 ans d&rsquo;exp\u00e9rience. Nous vous assurons un d\u00e9m\u00e9nagement professionnel et efficace gr\u00e2ce \u00e0 nos \u00e9quipes de d\u00e9m\u00e9nageurs qualifi\u00e9s et exp\u00e9riment\u00e9s.<br \/>\nQuels que soient vos besoins sp\u00e9cifiques, faites appel \u00e0 nous pour un service de d\u00e9m\u00e9nagement complet aux Pays-Bas ou \u00e0 l&rsquo;\u00e9tranger, ainsi que pour du garde-meubles \u00e0 court et \u00e0 long terme, pour des d\u00e9m\u00e9nagements de particuliers ou d&rsquo;entreprises.<br \/>\nLagerberg Verhuisgroep prend en charge tout ou une partie de votre d\u00e9m\u00e9nagement. Nos d\u00e9m\u00e9nageurs, habitu\u00e9s aux diff\u00e9rentes techniques de d\u00e9m\u00e9nagement, m\u00eame les plus complexes, s&rsquo;adaptent \u00e0 toutes les situations.<br \/>\nNous r\u00e9fl\u00e9chissons avec vous \u00e0 la meilleure solution et nous vous assurons un contact et un suivi personnalis\u00e9 ainsi que des \u00e9quipes d\u00e9vou\u00e9es.<br \/>\nPrenez maintenant rendez-vous pour un devis gratuit sans aucune obligation!<\/p>\n<\/div><\/div><\/div><\/div><\/div><div class=\"vc_col-sm-6 wpb_column vc_column_container us_animate_afl\"><div class=\"vc_column-inner\"><div class=\"wpb_wrapper\"><div class=\"w-image us_custom_8535c5f4 align_none\"><div class=\"w-image-h\"><img decoding=\"async\" width=\"1024\" height=\"684\" src=\"https:\/\/lagerberg.nl\/wp-content\/uploads\/2022\/02\/lagerberg-3-generaties-web-1024x684.jpg\" class=\"attachment-large size-large\" alt=\"\" loading=\"lazy\" srcset=\"https:\/\/lagerberg.nl\/wp-content\/uploads\/2022\/02\/lagerberg-3-generaties-web-1024x684.jpg 1024w, https:\/\/lagerberg.nl\/wp-content\/uploads\/2022\/02\/lagerberg-3-generaties-web-300x200.jpg 300w, https:\/\/lagerberg.nl\/wp-content\/uploads\/2022\/02\/lagerberg-3-generaties-web.jpg 1200w\" sizes=\"auto, (max-width: 1024px) 100vw, 1024px\" \/><\/div><\/div><\/div><\/div><\/div><\/div><\/div><\/section><section class=\"l-section wpb_row height_medium\"><div class=\"l-section-overlay\" style=\"background:#f0f8ff\"><\/div><div class=\"l-section-h i-cf\"><div class=\"g-cols vc_row via_flex valign_top type_default stacking_default\"><div class=\"vc_col-sm-4 wpb_column vc_column_container\"><div class=\"vc_column-inner\"><div class=\"wpb_wrapper\"><div class=\"w-iconbox iconpos_top style_circle color_primary align_center\"><a href=\"#portfolio\" class=\"w-iconbox-link\" aria-label=\"Notre savoir-faire\"><div class=\"w-iconbox-icon\" style=\"font-size:2rem;\"><i class=\"material-icons\">local_shipping<\/i><\/div><\/a><div class=\"w-iconbox-meta\"><h4 class=\"w-iconbox-title\"><a href=\"#portfolio\" class=\"w-iconbox-link\" aria-label=\"Notre savoir-faire\">Notre savoir-faire<\/a><\/h4><div class=\"w-iconbox-text\"><p style=\"text-align: left;\">Lagerberg Verhuisgroep a une \u00e9quipe de d\u00e9m\u00e9nageurs motiv\u00e9s et qualif\u00e9s qui pour la plupart d\u2019entre eux y travaillent depuis de nombreuses ann\u00e9es. Ainsi nous pouvons garantir la qualit\u00e9 et nous nous occupons de tout.<\/p>\n<\/div><\/div><\/div><\/div><\/div><\/div><div class=\"vc_col-sm-4 wpb_column vc_column_container\"><div class=\"vc_column-inner\"><div class=\"wpb_wrapper\"><div class=\"w-iconbox iconpos_top style_circle color_primary align_center\"><a href=\"#1415605443-1-84\" class=\"w-iconbox-link\" aria-label=\"Flexibilit\u00e9\"><div class=\"w-iconbox-icon\" style=\"font-size:2rem;\"><i class=\"material-icons\">sync<\/i><\/div><\/a><div class=\"w-iconbox-meta\"><h4 class=\"w-iconbox-title\"><a href=\"#1415605443-1-84\" class=\"w-iconbox-link\" aria-label=\"Flexibilit\u00e9\">Flexibilit\u00e9<\/a><\/h4><div class=\"w-iconbox-text\"><p style=\"text-align: left;\">Chez Lagerberg Verhuisgroep, nous comprenons que lors d\u2019un d\u00e9m\u00e9nagement des changements de derni\u00e8re minute peuvent survenir. Un mois de stockage suppl\u00e9mentaire, de l\u2019aide au (d\u00e9)montage de meubles ou des cartons de d\u00e9m\u00e9nagement suppl\u00e9mentaires ? Aucun probl\u00e8me. Nous r\u00e9fl\u00e9chissons avec vous et nous adaptons \u00e0 vos besoins.<\/p>\n<\/div><\/div><\/div><\/div><\/div><\/div><div class=\"vc_col-sm-4 wpb_column vc_column_container\"><div class=\"vc_column-inner\"><div class=\"wpb_wrapper\"><div class=\"w-iconbox iconpos_top style_circle color_primary align_center\"><a href=\"#counters\" class=\"w-iconbox-link\" aria-label=\"Service personnalis\u00e9\"><div class=\"w-iconbox-icon\" style=\"font-size:2rem;\"><i class=\"material-icons\">how_to_reg<\/i><\/div><\/a><div class=\"w-iconbox-meta\"><h4 class=\"w-iconbox-title\"><a href=\"#counters\" class=\"w-iconbox-link\" aria-label=\"Service personnalis\u00e9\">Service personnalis\u00e9<\/a><\/h4><div class=\"w-iconbox-text\"><p style=\"text-align: left;\">Chaque d\u00e9m\u00e9nagement est unique. Lagerberg Verhuisgroep r\u00e9fl\u00e9chit avec vous afin de vous assurer un d\u00e9m\u00e9nagement sur mesure qui se d\u00e9roulera le plus sereinement possible. Nous mettons en place les meilleures solutions avec le souci du d\u00e9tail.<\/p>\n<\/div><\/div><\/div><\/div><\/div><\/div><div class=\"vc_col-sm-12 wpb_column vc_column_container\"><div class=\"vc_column-inner\"><div class=\"wpb_wrapper\"><div class=\"w-separator size_small\"><\/div><\/div><\/div><\/div><div class=\"vc_col-sm-4 wpb_column vc_column_container\"><div class=\"vc_column-inner\"><div class=\"wpb_wrapper\"><div class=\"w-iconbox iconpos_top style_circle color_primary align_center\"><a href=\"#counters\" class=\"w-iconbox-link\" aria-label=\"S\u00fbr et digne de confiance\"><div class=\"w-iconbox-icon\" style=\"font-size:2rem;\"><i class=\"material-icons\">security<\/i><\/div><\/a><div class=\"w-iconbox-meta\"><h4 class=\"w-iconbox-title\"><a href=\"#counters\" class=\"w-iconbox-link\" aria-label=\"S\u00fbr et digne de confiance\">S\u00fbr et digne de confiance<\/a><\/h4><div class=\"w-iconbox-text\"><p style=\"text-align: left;\">Lagerberg Verhuisgroep ne travaille qu&rsquo;avec des \u00e9quipements de chargement et de d\u00e9chargement s\u00fbrs et fiables et divers monte-charge modernes. De plus, tous nos employ\u00e9s travaillent selon des consignes de s\u00e9curit\u00e9 strictes.<\/p>\n<\/div><\/div><\/div><\/div><\/div><\/div><div class=\"vc_col-sm-4 wpb_column vc_column_container\"><div class=\"vc_column-inner\"><div class=\"wpb_wrapper\"><div class=\"w-iconbox iconpos_top style_circle color_custom align_center\"><a href=\"#1415605443-1-84\" class=\"w-iconbox-link\" aria-label=\"Flotte moderne\"><div class=\"w-iconbox-icon\" style=\"font-size:2rem;--icon-color:#ffffff;--icon-bg-color:#4ddb4b;\"><i class=\"material-icons\">public<\/i><\/div><\/a><div class=\"w-iconbox-meta\"><h4 class=\"w-iconbox-title\"><a href=\"#1415605443-1-84\" class=\"w-iconbox-link\" aria-label=\"Flotte moderne\">Flotte moderne<\/a><\/h4><div class=\"w-iconbox-text\"><p style=\"text-align: left;\">Nous avons une vaste flotte de camions modernes. Notre dernier achat est un camion avec un moteur Euro-6 qui r\u00e9duit les \u00e9missions de CO2, qui peut circuler n&rsquo;importe o\u00f9, m\u00eame au c\u0153ur de Londres ou de Paris.<\/p>\n<\/div><\/div><\/div><\/div><\/div><\/div><div class=\"vc_col-sm-4 wpb_column vc_column_container\"><div class=\"vc_column-inner\"><div class=\"wpb_wrapper\"><div class=\"w-iconbox iconpos_top style_circle color_primary align_center\"><a title=\"Garde-meubles\" href=\"https:\/\/lagerberg.nl\/fr\/garde-meubles\/\" class=\"w-iconbox-link\" aria-label=\"Garde-meubles \u00e0 temp\u00e9rature contr\u00f4l\u00e9e\"><div class=\"w-iconbox-icon\" style=\"font-size:2rem;\"><i class=\"material-icons\">lock<\/i><\/div><\/a><div class=\"w-iconbox-meta\"><h4 class=\"w-iconbox-title\"><a title=\"Garde-meubles\" href=\"https:\/\/lagerberg.nl\/fr\/garde-meubles\/\" class=\"w-iconbox-link\" aria-label=\"Garde-meubles \u00e0 temp\u00e9rature contr\u00f4l\u00e9e\">Garde-meubles \u00e0 temp\u00e9rature contr\u00f4l\u00e9e<\/a><\/h4><div class=\"w-iconbox-text\"><p style=\"text-align: left;\">Vous pouvez \u00e9galement nous contacter pour un stockage (climatis\u00e9) \u00e0 court ou long terme dans des entrepots totalement s\u00e9curis\u00e9s et dans des conteneurs ferm\u00e9s. Id\u00e9al pour vos effets mobiliers, des archives et fournitures ou le stockage temporaire lors d&rsquo;une r\u00e9novation.<\/p>\n<\/div><\/div><\/div><\/div><\/div><\/div><\/div><\/div><\/section><section class=\"l-section wpb_row height_large with_img\" id=\"reviews\"><div class=\"l-section-img\" role=\"img\" aria-label=\"verhuislift\" data-img-width=\"1600\" data-img-height=\"650\" style=\"background-image: url(https:\/\/lagerberg.nl\/wp-content\/uploads\/2020\/07\/lagerberg-verhuisgroep-verhuislift.jpg);background-position: center left;background-repeat: no-repeat;\"><\/div><div class=\"l-section-h i-cf\"><div class=\"g-cols vc_row via_flex valign_top type_default stacking_default\"><div class=\"vc_col-sm-4 wpb_column vc_column_container us_animate_afr\"><div class=\"vc_column-inner\"><div class=\"wpb_wrapper\"><\/div><\/div><\/div><div class=\"vc_col-sm-8 wpb_column vc_column_container has_bg_color us_animate_afl\"><div class=\"vc_column-inner us_custom_c4a9f6ae\"><div class=\"wpb_wrapper\"><div class=\"wpb_text_column\"><div class=\"wpb_wrapper\"><h2 style=\"text-align: left;\">Des clients satisfaits<\/h2>\n<\/div><\/div><div class=\"w-separator size_small\"><\/div><\/div><\/div><\/div><div class=\"vc_col-sm-4 wpb_column vc_column_container\"><div class=\"vc_column-inner\"><div class=\"wpb_wrapper\"><\/div><\/div><\/div><div class=\"vc_col-sm-4 wpb_column vc_column_container has_bg_color\"><div class=\"vc_column-inner us_custom_59565a78\"><div class=\"wpb_wrapper\"><div class=\"wpb_text_column\"><div class=\"wpb_wrapper\"><p><strong>Excellent d\u00e9m\u00e9nagement pendant lequel Lagerberg s&rsquo;est charg\u00e9 de tout!<\/strong> Personnes aimables et comp\u00e9tentes chez Lagerberg. L&rsquo;ensemble du parcours s&rsquo;est d\u00e9roul\u00e9 sans accroc. Je ferais appel \u00e0 eux sans h\u00e9sitation pour un d\u00e9m\u00e9nagement.<\/p>\n<p>Merlijn, Leiderdorp, 6 janvier 2022<\/p>\n<\/div><\/div><\/div><\/div><\/div><div class=\"vc_col-sm-4 wpb_column vc_column_container has_bg_color\"><div class=\"vc_column-inner us_custom_c4a9f6ae\"><div class=\"wpb_wrapper\"><div class=\"wpb_text_column\"><div class=\"wpb_wrapper\"><p><strong>\u00ab\u00a0Service top.<\/strong> Tout \u00e9tait bien organis\u00e9. D\u00e9montage, d\u00e9m\u00e9nagement et montage en 1 jour! Fortement recommand\u00e9.\u00a0\u00bb<\/p>\n<p>Rob, Rijnsburg, 30 d\u00e9cembre 2021<\/p>\n<\/div><\/div><div class=\"w-separator size_small\"><\/div><div class=\"w-btn-wrapper align_none\"><a class=\"w-btn us-btn-style_1\" target=\" _blank\" rel=\"nofollow\" href=\"https:\/\/www.klantenvertellen.nl\/reviews\/1034356\/lagerberg_verhuisgroep\"><span class=\"w-btn-label\">D&rsquo;autres avis sur Klantenvertellen.nl<\/span><\/a><\/div><\/div><\/div><\/div><\/div><\/div><\/section><section class=\"l-section wpb_row height_small color_footer-top parallax_ver\"><div class=\"l-section-overlay\" style=\"background:#f0f8ff\"><\/div><div class=\"l-section-h i-cf\"><div class=\"g-cols vc_row via_flex valign_top type_default stacking_default\"><div class=\"vc_col-sm-12 wpb_column vc_column_container\"><div class=\"vc_column-inner\"><div class=\"wpb_wrapper\"><div class=\"w-image us_custom_244ad9e5 align_center\"><div class=\"w-image-h\"><img decoding=\"async\" width=\"150\" height=\"150\" src=\"https:\/\/lagerberg.nl\/wp-content\/uploads\/2020\/07\/beeldmerk-lagerberg-verhuisgroep-150x150.png\" class=\"attachment-thumbnail size-thumbnail\" alt=\"lagerberg\" loading=\"lazy\" srcset=\"https:\/\/lagerberg.nl\/wp-content\/uploads\/2020\/07\/beeldmerk-lagerberg-verhuisgroep-150x150.png 150w, https:\/\/lagerberg.nl\/wp-content\/uploads\/2020\/07\/beeldmerk-lagerberg-verhuisgroep-300x300.png 300w, https:\/\/lagerberg.nl\/wp-content\/uploads\/2020\/07\/beeldmerk-lagerberg-verhuisgroep.png 400w\" sizes=\"auto, (max-width: 150px) 100vw, 150px\" \/><\/div><\/div><div class=\"w-separator size_small\"><\/div><div class=\"g-cols wpb_row via_flex valign_top type_default stacking_default\"><div class=\"vc_col-sm-4 wpb_column vc_column_container us_animate_afc\"><div class=\"vc_column-inner\"><div class=\"wpb_wrapper\"><div class=\"w-counter us_custom_2999e609 has_text_color color_primary align_center animation_none has_font_size\" data-duration=\"2\" style=\"--w-counter-duration: 2s;\"><div class=\"w-counter-value\" role=\"text\" aria-label=\"208\"><span class=\"w-counter-value-part final\" aria-hidden=\"true\">208<\/span><span class=\"w-counter-value-part hidden type_text\" aria-hidden=\"true\" data-final><\/span><span class=\"w-counter-value-part hidden type_number\" aria-hidden=\"true\" data-final=\"208\">0<\/span><span class=\"w-counter-value-part hidden type_text\" aria-hidden=\"true\" data-final>+<\/span><\/div><h6 class=\"w-counter-title\">avis des douze derniers mois<\/h6><\/div><\/div><\/div><\/div><div class=\"vc_col-sm-4 wpb_column vc_column_container us_animate_afc\" style=\"animation-delay:0.4s\"><div class=\"vc_column-inner\"><div class=\"wpb_wrapper\"><div class=\"w-counter us_custom_2999e609 has_text_color color_primary align_center animation_none has_font_size\" data-duration=\"2\" style=\"--w-counter-duration: 2s;\"><div class=\"w-counter-value\" role=\"text\" aria-label=\"98%\"><span class=\"w-counter-value-part final\" aria-hidden=\"true\">98%<\/span><span class=\"w-counter-value-part hidden type_text\" aria-hidden=\"true\" data-final><\/span><span class=\"w-counter-value-part hidden type_number\" aria-hidden=\"true\" data-final=\"98\">0<\/span><span class=\"w-counter-value-part hidden type_text\" aria-hidden=\"true\" data-final=\"%\"><\/span><\/div><h6 class=\"w-counter-title\">des participants nous recommandent<\/h6><\/div><\/div><\/div><\/div><div class=\"vc_col-sm-4 wpb_column vc_column_container us_animate_afc\" style=\"animation-delay:0.6s\"><div class=\"vc_column-inner\"><div class=\"wpb_wrapper\"><div class=\"w-counter us_custom_2999e609 has_text_color color_primary align_center animation_none has_font_size\" data-duration=\"2\" style=\"--w-counter-duration: 2s;\"><div class=\"w-counter-value\" role=\"text\" aria-label=\"9.6\"><span class=\"w-counter-value-part final\" aria-hidden=\"true\">9.6<\/span><span class=\"w-counter-value-part hidden type_text\" aria-hidden=\"true\" data-final><\/span><span class=\"w-counter-value-part hidden type_number\" aria-hidden=\"true\" data-final=\"9.6\">0<\/span><span class=\"w-counter-value-part hidden type_text\" aria-hidden=\"true\" data-final>+<\/span><\/div><h6 class=\"w-counter-title\">parmi les 240 avis nous obtenons le score<\/h6><\/div><\/div><\/div><\/div><\/div><div class=\"w-separator size_small\"><\/div><div class=\"wpb_text_column\"><div class=\"wpb_wrapper\"><p style=\"text-align: center;\"><span style=\"color: #044c8e;\"><a style=\"color: #044c8e;\" href=\"https:\/\/www.klantenvertellen.nl\/reviews\/1034356\/lagerberg_verhuisgroep\" target=\"_blank\" rel=\"noopener noreferrer\">janvier 2022<\/a><\/span><\/p>\n<\/div><\/div><\/div><\/div><\/div><\/div><\/div><\/section><section class=\"l-section wpb_row height_auto width_full with_img\"><div class=\"l-section-img\" role=\"img\" aria-label=\"Image\" data-img-width=\"1600\" data-img-height=\"497\" style=\"background-image: url(https:\/\/lagerberg.nl\/wp-content\/uploads\/2020\/07\/Lagerberg-pand-marineweg-achter.jpg);background-repeat: no-repeat;\"><\/div><div class=\"l-section-h i-cf\"><div class=\"g-cols vc_row via_flex valign_middle type_boxes stacking_default\"><div class=\"vc_col-sm-8 wpb_column vc_column_container\"><div class=\"vc_column-inner\"><div class=\"wpb_wrapper\"><\/div><\/div><\/div><div class=\"vc_col-sm-4 wpb_column vc_column_container\"><div class=\"vc_column-inner\"><div class=\"wpb_wrapper\"><div class=\"w-tabs us_custom_923d4258 layout_hor style_trendy switch_click has_scrolling\" style=\"--sections-title-size:1em\"><div class=\"w-tabs-list items_3 align_justify\" style=\"font-family:var(--font-family);text-transform:uppercase;\"><div class=\"w-tabs-list-h\"><button class=\"w-tabs-item active with_icon\" aria-controls=\"content-1415605443-1-84\" aria-expanded=\"false\"><i class=\"fas fa-truck\"><\/i><span class=\"w-tabs-item-title\">Flotte moderne<\/span><\/button><button class=\"w-tabs-item with_icon\" aria-controls=\"content-i0f2\" aria-expanded=\"false\"><i class=\"material-icons\">security<\/i><span class=\"w-tabs-item-title\">Erkende Verhuizers<\/span><\/button><button class=\"w-tabs-item with_icon\" aria-controls=\"content-x232\" aria-expanded=\"false\"><i class=\"material-icons\">fingerprint<\/i><span class=\"w-tabs-item-title\">Missions sp\u00e9ciales<\/span><\/button><\/div><\/div><div class=\"w-tabs-sections titles-align_none icon_chevron cpos_right\"><div class=\"w-tabs-section active\" id=\"1415605443-1-84\"><button class=\"w-tabs-section-header active with_icon\" aria-controls=\"content-1415605443-1-84\" aria-expanded=\"true\"><i class=\"fas fa-truck\"><\/i><div class=\"w-tabs-section-title\">Flotte moderne<\/div><div class=\"w-tabs-section-control\"><\/div><\/button><div  class=\"w-tabs-section-content us_custom_2c4f4a12\" id=\"content-1415605443-1-84\"><div class=\"w-tabs-section-content-h i-cf\"><div class=\"wpb_text_column\"><div class=\"wpb_wrapper\"><p>Parce que nous voulons vous offrir, \u00e0 vous et aux g\u00e9n\u00e9rations futures, un d\u00e9m\u00e9nagement sans soucis, Lagerberg Verhuisgroep d\u00e9m\u00e9nage vos biens \u00e0 l&rsquo;aide d&rsquo;une flotte moderne. C&rsquo;est ainsi que nous limitons les \u00e9missions de CO2.<\/p>\n<\/div><\/div><div class=\"w-btn-wrapper align_none\"><a class=\"w-btn us-btn-style_1\" href=\"#\"><span class=\"w-btn-label\">Information suppl\u00e9mentaire<\/span><\/a><\/div><\/div><\/div><\/div><div class=\"w-tabs-section\" id=\"i0f2\"><button class=\"w-tabs-section-header with_icon\" aria-controls=\"content-i0f2\" aria-expanded=\"false\"><i class=\"material-icons\">security<\/i><div class=\"w-tabs-section-title\">Erkende Verhuizers<\/div><div class=\"w-tabs-section-control\"><\/div><\/button><div  class=\"w-tabs-section-content us_custom_2c4f4a12\" id=\"content-i0f2\"><div class=\"w-tabs-section-content-h i-cf\"><div class=\"wpb_text_column\"><div class=\"wpb_wrapper\"><p>Nous sommes certifi\u00e9s par l&rsquo;organisation \u00ab\u00a0Erkende Verhuizers\u00a0\u00bb (d\u00e9m\u00e9nageurs reconnus). Un d\u00e9m\u00e9nagement est souvent une \u00e9tape importante et une p\u00e9riode mouvement\u00e9e. Gr\u00e2ce aux conseils d&rsquo;experts et \u00e0 une large gamme de services \u00ab\u00a0Erkende Verhuizers\u00a0\u00bb fait de cet \u00e9v\u00e8nement un succ\u00e8s.<\/p>\n<\/div><\/div><div class=\"w-btn-wrapper align_none\"><a class=\"w-btn us-btn-style_1\" target=\" _blank\" rel=\"nofollow\" href=\"https:\/\/www.klantenvertellen.nl\/reviews\/1034356\/lagerberg_verhuisgroep\"><span class=\"w-btn-label\">Cliquez-moi<\/span><\/a><\/div><\/div><\/div><\/div><div class=\"w-tabs-section\" id=\"x232\"><button class=\"w-tabs-section-header with_icon\" aria-controls=\"content-x232\" aria-expanded=\"false\"><i class=\"material-icons\">fingerprint<\/i><div class=\"w-tabs-section-title\">Missions sp\u00e9ciales<\/div><div class=\"w-tabs-section-control\"><\/div><\/button><div  class=\"w-tabs-section-content us_custom_2c4f4a12\" id=\"content-x232\"><div class=\"w-tabs-section-content-h i-cf\"><div class=\"wpb_text_column\"><div class=\"wpb_wrapper\"><p>Le d\u00e9m\u00e9nagement d&rsquo;un piano, d&rsquo;une oeuvre d&rsquo;art ou de mobilier unique et de valeur. Lagerberg Verhuisgroep poss\u00e8de \u00e9galement une vaste exp\u00e9rience dans ce domaine. Nous prenons toutes les pr\u00e9cautions ainsi que le plus grand soin de vos objets de valeur.<\/p>\n<\/div><\/div><div class=\"w-btn-wrapper align_none\"><a class=\"w-btn us-btn-style_1\" title=\"Mission sp\u00e9ciale\" href=\"https:\/\/lagerberg.nl\/fr\/particulier\/mission-speciale\/\"><span class=\"w-btn-label\">En savoir plus<\/span><\/a><\/div><\/div><\/div><\/div><\/div><\/div><\/div><\/div><\/div><\/div><\/div><\/section>\n","protected":false},"excerpt":{"rendered":"Votre d&eacute;m&eacute;nagement stockage entre de bonnes mainsDemande de devisAvis de clientsLagerberg Verhuisgroep Lagerberg Verhuisgroep est une v\u00e9ritable entreprise familiale depuis 3 g\u00e9n\u00e9rations avec 50 ans d&rsquo;exp\u00e9rience. Nous vous assurons un d\u00e9m\u00e9nagement professionnel et efficace gr\u00e2ce \u00e0 nos \u00e9quipes de d\u00e9m\u00e9nageurs qualifi\u00e9s et exp\u00e9riment\u00e9s. Quels que soient vos besoins sp\u00e9cifiques, faites appel \u00e0 nous pour un...","protected":false},"author":7,"featured_media":0,"parent":0,"menu_order":0,"comment_status":"closed","ping_status":"closed","template":"","meta":{"footnotes":""},"class_list":["post-24445","page","type-page","status-publish","hentry"],"_links":{"self":[{"href":"https:\/\/lagerberg.nl\/fr\/wp-json\/wp\/v2\/pages\/24445","targetHints":{"allow":["GET"]}}],"collection":[{"href":"https:\/\/lagerberg.nl\/fr\/wp-json\/wp\/v2\/pages"}],"about":[{"href":"https:\/\/lagerberg.nl\/fr\/wp-json\/wp\/v2\/types\/page"}],"author":[{"embeddable":true,"href":"https:\/\/lagerberg.nl\/fr\/wp-json\/wp\/v2\/users\/7"}],"replies":[{"embeddable":true,"href":"https:\/\/lagerberg.nl\/fr\/wp-json\/wp\/v2\/comments?post=24445"}],"version-history":[{"count":28,"href":"https:\/\/lagerberg.nl\/fr\/wp-json\/wp\/v2\/pages\/24445\/revisions"}],"predecessor-version":[{"id":24787,"href":"https:\/\/lagerberg.nl\/fr\/wp-json\/wp\/v2\/pages\/24445\/revisions\/24787"}],"wp:attachment":[{"href":"https:\/\/lagerberg.nl\/fr\/wp-json\/wp\/v2\/media?parent=24445"}],"curies":[{"name":"wp","href":"https:\/\/api.w.org\/{rel}","templated":true}]}}